{"id":13216,"date":"2019-05-04T13:23:42","date_gmt":"2019-05-04T07:53:42","guid":{"rendered":"https:\/\/www.womenfitness.net\/shop\/?post_type=product&#038;p=13216"},"modified":"2019-05-04T13:23:42","modified_gmt":"2019-05-04T07:53:42","slug":"plus-size-plus-size-lace-dress-with-lining","status":"publish","type":"product","link":"https:\/\/www.womenfitness.net\/shop\/product\/plus-size-plus-size-lace-dress-with-lining\/","title":{"rendered":"Plus Size Plus Size Lace ..."},"content":{"rendered":"<p>Plus size lace dress with lining Chic and feminine lace dress with lining, perfect for day to night. Features a back zipper for ease of wear. 1X: 14-16W, 34-37&#8243; waist, 43-47\u00d3 hip, 41-44\u00d3 Bust 2X: 18-20W, 38-41&#8243; waist, 47-50\u00d3 hip, 45-48\u00d3 Bust 3X: 22-24W, 42-45&#8243; waist, 50-54\u00d3 hip, 49-52\u00d3 Bust 90% Polyester, 10% Spandex<\/p>\n","protected":false},"excerpt":{"rendered":"<ul class=\"a-unordered-list a-vertical a-spacing-none\">\n<li><span class=\"a-list-item\">Chic and feminine lace dress with lining, perfect for day to night.<\/span><\/li>\n<li><span class=\"a-list-item\">Features a back zipper for ease of wear.<\/span><\/li>\n<li><span class=\"a-list-item\">1X: 14-16W, 34-37&#8243; waist, 43-47\u00d3 hip, 41-44\u00d3 Bust<\/span><\/li>\n<li><span class=\"a-list-item\">2X: 18-20W, 38-41&#8243; waist, 47-50\u00d3 hip, 45-48\u00d3 Bust<\/span><\/li>\n<li><span class=\"a-list-item\">3X: 22-24W, 42-45&#8243; waist, 50-54\u00d3 hip, 49-52\u00d3 Bust<\/span><\/li>\n<\/ul>\n","protected":false},"featured_media":13217,"comment_status":"closed","ping_status":"closed","template":"","meta":{"_genesis_hide_title":false,"_genesis_hide_breadcrumbs":false,"_genesis_hide_singular_image":false,"_genesis_hide_footer_widgets":false,"_genesis_custom_body_class":"","_genesis_custom_post_class":"","_genesis_layout":""},"product_cat":[144],"product_tag":[],"yoast_head":"<!-- This site is optimized with the Yoast SEO plugin v22.8 - https:\/\/yoast.com\/wordpress\/plugins\/seo\/ -->\n<title>Plus Size Plus Size Lace Dress with Lining - WF Shopping<\/title>\n<meta name=\"description\" content=\"Plus size lace dress with lining Chic and feminine lace dress with lining, perfect for day to night. Features a back zipper for ease of wear.\" \/>\n<meta name=\"robots\" content=\"index, follow, max-snippet:-1, max-image-preview:large, max-video-preview:-1\" \/>\n<link rel=\"canonical\" href=\"https:\/\/www.womenfitness.net\/shop\/product\/plus-size-plus-size-lace-dress-with-lining\/\" \/>\n<meta property=\"og:locale\" content=\"en_US\" \/>\n<meta property=\"og:type\" content=\"article\" \/>\n<meta property=\"og:title\" content=\"Plus Size Plus Size Lace Dress with Lining - WF Shopping\" \/>\n<meta property=\"og:description\" content=\"Plus size lace dress with lining Chic and feminine lace dress with lining, perfect for day to night. Features a back zipper for ease of wear.\" \/>\n<meta property=\"og:url\" content=\"https:\/\/www.womenfitness.net\/shop\/product\/plus-size-plus-size-lace-dress-with-lining\/\" \/>\n<meta property=\"og:site_name\" content=\"WF Shopping\" \/>\n<meta property=\"og:image\" content=\"https:\/\/www.womenfitness.net\/shop\/wp-content\/uploads\/2019\/05\/61J9EKWZdWL._UY606_1.jpg\" \/>\n\t<meta property=\"og:image:width\" content=\"423\" \/>\n\t<meta property=\"og:image:height\" content=\"606\" \/>\n\t<meta property=\"og:image:type\" content=\"image\/jpeg\" \/>\n<meta name=\"twitter:card\" content=\"summary_large_image\" \/>\n<script type=\"application\/ld+json\" class=\"yoast-schema-graph\">{\"@context\":\"https:\/\/schema.org\",\"@graph\":[{\"@type\":\"WebPage\",\"@id\":\"https:\/\/www.womenfitness.net\/shop\/product\/plus-size-plus-size-lace-dress-with-lining\/\",\"url\":\"https:\/\/www.womenfitness.net\/shop\/product\/plus-size-plus-size-lace-dress-with-lining\/\",\"name\":\"Plus Size Plus Size Lace Dress with Lining - WF Shopping\",\"isPartOf\":{\"@id\":\"https:\/\/www.womenfitness.net\/shop\/#website\"},\"primaryImageOfPage\":{\"@id\":\"https:\/\/www.womenfitness.net\/shop\/product\/plus-size-plus-size-lace-dress-with-lining\/#primaryimage\"},\"image\":{\"@id\":\"https:\/\/www.womenfitness.net\/shop\/product\/plus-size-plus-size-lace-dress-with-lining\/#primaryimage\"},\"thumbnailUrl\":\"https:\/\/www.womenfitness.net\/shop\/wp-content\/uploads\/2019\/05\/61J9EKWZdWL._UY606_1.jpg\",\"datePublished\":\"2019-05-04T07:53:42+00:00\",\"dateModified\":\"2019-05-04T07:53:42+00:00\",\"description\":\"Plus size lace dress with lining Chic and feminine lace dress with lining, perfect for day to night. Features a back zipper for ease of wear.\",\"breadcrumb\":{\"@id\":\"https:\/\/www.womenfitness.net\/shop\/product\/plus-size-plus-size-lace-dress-with-lining\/#breadcrumb\"},\"inLanguage\":\"en-US\",\"potentialAction\":[{\"@type\":\"ReadAction\",\"target\":[\"https:\/\/www.womenfitness.net\/shop\/product\/plus-size-plus-size-lace-dress-with-lining\/\"]}]},{\"@type\":\"ImageObject\",\"inLanguage\":\"en-US\",\"@id\":\"https:\/\/www.womenfitness.net\/shop\/product\/plus-size-plus-size-lace-dress-with-lining\/#primaryimage\",\"url\":\"https:\/\/www.womenfitness.net\/shop\/wp-content\/uploads\/2019\/05\/61J9EKWZdWL._UY606_1.jpg\",\"contentUrl\":\"https:\/\/www.womenfitness.net\/shop\/wp-content\/uploads\/2019\/05\/61J9EKWZdWL._UY606_1.jpg\",\"width\":423,\"height\":606,\"caption\":\"Lace Dress with Lining\"},{\"@type\":\"BreadcrumbList\",\"@id\":\"https:\/\/www.womenfitness.net\/shop\/product\/plus-size-plus-size-lace-dress-with-lining\/#breadcrumb\",\"itemListElement\":[{\"@type\":\"ListItem\",\"position\":1,\"name\":\"Home\",\"item\":\"https:\/\/www.womenfitness.net\/shop\/\"},{\"@type\":\"ListItem\",\"position\":2,\"name\":\"Shop\",\"item\":\"https:\/\/www.womenfitness.net\/shop\/\"},{\"@type\":\"ListItem\",\"position\":3,\"name\":\"Plus Size Plus Size Lace ...\"}]},{\"@type\":\"WebSite\",\"@id\":\"https:\/\/www.womenfitness.net\/shop\/#website\",\"url\":\"https:\/\/www.womenfitness.net\/shop\/\",\"name\":\"WF Shopping\",\"description\":\"An exhaustive resource of Women Fitness and Health\",\"potentialAction\":[{\"@type\":\"SearchAction\",\"target\":{\"@type\":\"EntryPoint\",\"urlTemplate\":\"https:\/\/www.womenfitness.net\/shop\/?s={search_term_string}\"},\"query-input\":\"required name=search_term_string\"}],\"inLanguage\":\"en-US\"}]}<\/script>\n<!-- \/ Yoast SEO plugin. -->","yoast_head_json":{"title":"Plus Size Plus Size Lace Dress with Lining - WF Shopping","description":"Plus size lace dress with lining Chic and feminine lace dress with lining, perfect for day to night. Features a back zipper for ease of wear.","robots":{"index":"index","follow":"follow","max-snippet":"max-snippet:-1","max-image-preview":"max-image-preview:large","max-video-preview":"max-video-preview:-1"},"canonical":"https:\/\/www.womenfitness.net\/shop\/product\/plus-size-plus-size-lace-dress-with-lining\/","og_locale":"en_US","og_type":"article","og_title":"Plus Size Plus Size Lace Dress with Lining - WF Shopping","og_description":"Plus size lace dress with lining Chic and feminine lace dress with lining, perfect for day to night. Features a back zipper for ease of wear.","og_url":"https:\/\/www.womenfitness.net\/shop\/product\/plus-size-plus-size-lace-dress-with-lining\/","og_site_name":"WF Shopping","og_image":[{"width":423,"height":606,"url":"https:\/\/www.womenfitness.net\/shop\/wp-content\/uploads\/2019\/05\/61J9EKWZdWL._UY606_1.jpg","type":"image\/jpeg"}],"twitter_card":"summary_large_image","schema":{"@context":"https:\/\/schema.org","@graph":[{"@type":"WebPage","@id":"https:\/\/www.womenfitness.net\/shop\/product\/plus-size-plus-size-lace-dress-with-lining\/","url":"https:\/\/www.womenfitness.net\/shop\/product\/plus-size-plus-size-lace-dress-with-lining\/","name":"Plus Size Plus Size Lace Dress with Lining - WF Shopping","isPartOf":{"@id":"https:\/\/www.womenfitness.net\/shop\/#website"},"primaryImageOfPage":{"@id":"https:\/\/www.womenfitness.net\/shop\/product\/plus-size-plus-size-lace-dress-with-lining\/#primaryimage"},"image":{"@id":"https:\/\/www.womenfitness.net\/shop\/product\/plus-size-plus-size-lace-dress-with-lining\/#primaryimage"},"thumbnailUrl":"https:\/\/www.womenfitness.net\/shop\/wp-content\/uploads\/2019\/05\/61J9EKWZdWL._UY606_1.jpg","datePublished":"2019-05-04T07:53:42+00:00","dateModified":"2019-05-04T07:53:42+00:00","description":"Plus size lace dress with lining Chic and feminine lace dress with lining, perfect for day to night. Features a back zipper for ease of wear.","breadcrumb":{"@id":"https:\/\/www.womenfitness.net\/shop\/product\/plus-size-plus-size-lace-dress-with-lining\/#breadcrumb"},"inLanguage":"en-US","potentialAction":[{"@type":"ReadAction","target":["https:\/\/www.womenfitness.net\/shop\/product\/plus-size-plus-size-lace-dress-with-lining\/"]}]},{"@type":"ImageObject","inLanguage":"en-US","@id":"https:\/\/www.womenfitness.net\/shop\/product\/plus-size-plus-size-lace-dress-with-lining\/#primaryimage","url":"https:\/\/www.womenfitness.net\/shop\/wp-content\/uploads\/2019\/05\/61J9EKWZdWL._UY606_1.jpg","contentUrl":"https:\/\/www.womenfitness.net\/shop\/wp-content\/uploads\/2019\/05\/61J9EKWZdWL._UY606_1.jpg","width":423,"height":606,"caption":"Lace Dress with Lining"},{"@type":"BreadcrumbList","@id":"https:\/\/www.womenfitness.net\/shop\/product\/plus-size-plus-size-lace-dress-with-lining\/#breadcrumb","itemListElement":[{"@type":"ListItem","position":1,"name":"Home","item":"https:\/\/www.womenfitness.net\/shop\/"},{"@type":"ListItem","position":2,"name":"Shop","item":"https:\/\/www.womenfitness.net\/shop\/"},{"@type":"ListItem","position":3,"name":"Plus Size Plus Size Lace ..."}]},{"@type":"WebSite","@id":"https:\/\/www.womenfitness.net\/shop\/#website","url":"https:\/\/www.womenfitness.net\/shop\/","name":"WF Shopping","description":"An exhaustive resource of Women Fitness and Health","potentialAction":[{"@type":"SearchAction","target":{"@type":"EntryPoint","urlTemplate":"https:\/\/www.womenfitness.net\/shop\/?s={search_term_string}"},"query-input":"required name=search_term_string"}],"inLanguage":"en-US"}]}},"_links":{"self":[{"href":"https:\/\/www.womenfitness.net\/shop\/wp-json\/wp\/v2\/product\/13216"}],"collection":[{"href":"https:\/\/www.womenfitness.net\/shop\/wp-json\/wp\/v2\/product"}],"about":[{"href":"https:\/\/www.womenfitness.net\/shop\/wp-json\/wp\/v2\/types\/product"}],"replies":[{"embeddable":true,"href":"https:\/\/www.womenfitness.net\/shop\/wp-json\/wp\/v2\/comments?post=13216"}],"wp:featuredmedia":[{"embeddable":true,"href":"https:\/\/www.womenfitness.net\/shop\/wp-json\/wp\/v2\/media\/13217"}],"wp:attachment":[{"href":"https:\/\/www.womenfitness.net\/shop\/wp-json\/wp\/v2\/media?parent=13216"}],"wp:term":[{"taxonomy":"product_cat","embeddable":true,"href":"https:\/\/www.womenfitness.net\/shop\/wp-json\/wp\/v2\/product_cat?post=13216"},{"taxonomy":"product_tag","embeddable":true,"href":"https:\/\/www.womenfitness.net\/shop\/wp-json\/wp\/v2\/product_tag?post=13216"}],"curies":[{"name":"wp","href":"https:\/\/api.w.org\/{rel}","templated":true}]}}