{"id":2276,"date":"2016-10-25T13:20:06","date_gmt":"2016-10-25T07:50:06","guid":{"rendered":"http:\/\/www.womenfitness.net\/shop\/?post_type=product&#038;p=2276"},"modified":"2016-10-25T13:20:06","modified_gmt":"2016-10-25T07:50:06","slug":"uberlube-luxury-lubricant","status":"publish","type":"product","link":"https:\/\/www.womenfitness.net\/shop\/product\/uberlube-luxury-lubricant\/","title":{"rendered":"\u00dcberlube Luxury Lubrican..."},"content":{"rendered":"<p>\u00dcberlube! Use \u00fcberlube for Sex, Style, and Sport. High performance, long lasting, fantastic finish. Did you know that \u00fcberlube is used by salons as a brilliant smoothing, finishing, and anti-frizz product? Or that athletes use \u00fcberlube for running, biking and swimming to eliminate chaffing? Not just a lube, \u00fcberlube loves your whole body. Long-lasting and can be used as unscented massage oil too. The leak-proof bottle and top keeps \u00fcberlube in and dust out. Clear bottle lets you see the purity. Precision formulated from the finest available ingredients.<\/p>\n","protected":false},"excerpt":{"rendered":"<ul class=\"a-vertical a-spacing-none\">\n<li class=\"showHiddenFeatureBullets\"><span class=\"a-list-item\">Pre-packaged in mailing tube<\/span><\/li>\n<li class=\"showHiddenFeatureBullets\"><span class=\"a-list-item\">High-end luxury lubricant<\/span><\/li>\n<li class=\"showHiddenFeatureBullets\"><span class=\"a-list-item\">Instead of just being slippery, \u00fcberlube is designed to transfer sensation while reducing friction<\/span><\/li>\n<li class=\"showHiddenFeatureBullets\"><span class=\"a-list-item\">\u00dcberlube feels amazingly silky and performs as long as you&#8217;re using it<\/span><\/li>\n<li class=\"showHiddenFeatureBullets\"><span class=\"a-list-item\">When \u00fcberlube stops being manipulated, it starts to dissipate, leaving skin soft and moisturized, never wet or sticky<\/span><\/li>\n<\/ul>\n","protected":false},"featured_media":2277,"comment_status":"closed","ping_status":"closed","template":"","meta":{"_genesis_hide_title":false,"_genesis_hide_breadcrumbs":false,"_genesis_hide_singular_image":false,"_genesis_hide_footer_widgets":false,"_genesis_custom_body_class":"","_genesis_custom_post_class":"","_genesis_layout":""},"product_cat":[118],"product_tag":[],"yoast_head":"<!-- This site is optimized with the Yoast SEO plugin v22.8 - https:\/\/yoast.com\/wordpress\/plugins\/seo\/ -->\n<title>\u00dcberlube Luxury Lubricant 100ml - WF Shopping<\/title>\n<meta name=\"description\" content=\"\u00dcberlube! Use \u00fcberlube for Sex, Style, and Sport. High performance, long lasting, fantastic finish. Did you know that \u00fcberlube is used by salons\" \/>\n<meta name=\"robots\" content=\"index, follow, max-snippet:-1, max-image-preview:large, max-video-preview:-1\" \/>\n<link rel=\"canonical\" href=\"https:\/\/www.womenfitness.net\/shop\/product\/uberlube-luxury-lubricant\/\" \/>\n<meta property=\"og:locale\" content=\"en_US\" \/>\n<meta property=\"og:type\" content=\"article\" \/>\n<meta property=\"og:title\" content=\"\u00dcberlube Luxury Lubricant 100ml - WF Shopping\" \/>\n<meta property=\"og:description\" content=\"\u00dcberlube! Use \u00fcberlube for Sex, Style, and Sport. High performance, long lasting, fantastic finish. Did you know that \u00fcberlube is used by salons\" \/>\n<meta property=\"og:url\" content=\"https:\/\/www.womenfitness.net\/shop\/product\/uberlube-luxury-lubricant\/\" \/>\n<meta property=\"og:site_name\" content=\"WF Shopping\" \/>\n<meta property=\"og:image\" content=\"https:\/\/www.womenfitness.net\/shop\/wp-content\/uploads\/2016\/10\/51QrUVFdE8L._SL1000_1.jpg\" \/>\n\t<meta property=\"og:image:width\" content=\"1000\" \/>\n\t<meta property=\"og:image:height\" content=\"1000\" \/>\n\t<meta property=\"og:image:type\" content=\"image\/jpeg\" \/>\n<meta name=\"twitter:card\" content=\"summary_large_image\" \/>\n<script type=\"application\/ld+json\" class=\"yoast-schema-graph\">{\"@context\":\"https:\/\/schema.org\",\"@graph\":[{\"@type\":\"WebPage\",\"@id\":\"https:\/\/www.womenfitness.net\/shop\/product\/uberlube-luxury-lubricant\/\",\"url\":\"https:\/\/www.womenfitness.net\/shop\/product\/uberlube-luxury-lubricant\/\",\"name\":\"\u00dcberlube Luxury Lubricant 100ml - WF Shopping\",\"isPartOf\":{\"@id\":\"https:\/\/www.womenfitness.net\/shop\/#website\"},\"primaryImageOfPage\":{\"@id\":\"https:\/\/www.womenfitness.net\/shop\/product\/uberlube-luxury-lubricant\/#primaryimage\"},\"image\":{\"@id\":\"https:\/\/www.womenfitness.net\/shop\/product\/uberlube-luxury-lubricant\/#primaryimage\"},\"thumbnailUrl\":\"https:\/\/www.womenfitness.net\/shop\/wp-content\/uploads\/2016\/10\/51QrUVFdE8L._SL1000_1.jpg\",\"datePublished\":\"2016-10-25T07:50:06+00:00\",\"dateModified\":\"2016-10-25T07:50:06+00:00\",\"description\":\"\u00dcberlube! Use \u00fcberlube for Sex, Style, and Sport. High performance, long lasting, fantastic finish. Did you know that \u00fcberlube is used by salons\",\"breadcrumb\":{\"@id\":\"https:\/\/www.womenfitness.net\/shop\/product\/uberlube-luxury-lubricant\/#breadcrumb\"},\"inLanguage\":\"en-US\",\"potentialAction\":[{\"@type\":\"ReadAction\",\"target\":[\"https:\/\/www.womenfitness.net\/shop\/product\/uberlube-luxury-lubricant\/\"]}]},{\"@type\":\"ImageObject\",\"inLanguage\":\"en-US\",\"@id\":\"https:\/\/www.womenfitness.net\/shop\/product\/uberlube-luxury-lubricant\/#primaryimage\",\"url\":\"https:\/\/www.womenfitness.net\/shop\/wp-content\/uploads\/2016\/10\/51QrUVFdE8L._SL1000_1.jpg\",\"contentUrl\":\"https:\/\/www.womenfitness.net\/shop\/wp-content\/uploads\/2016\/10\/51QrUVFdE8L._SL1000_1.jpg\",\"width\":1000,\"height\":1000},{\"@type\":\"BreadcrumbList\",\"@id\":\"https:\/\/www.womenfitness.net\/shop\/product\/uberlube-luxury-lubricant\/#breadcrumb\",\"itemListElement\":[{\"@type\":\"ListItem\",\"position\":1,\"name\":\"Home\",\"item\":\"https:\/\/www.womenfitness.net\/shop\/\"},{\"@type\":\"ListItem\",\"position\":2,\"name\":\"Shop\",\"item\":\"https:\/\/www.womenfitness.net\/shop\/\"},{\"@type\":\"ListItem\",\"position\":3,\"name\":\"\u00dcberlube Luxury Lubricant 100ml\"}]},{\"@type\":\"WebSite\",\"@id\":\"https:\/\/www.womenfitness.net\/shop\/#website\",\"url\":\"https:\/\/www.womenfitness.net\/shop\/\",\"name\":\"WF Shopping\",\"description\":\"An exhaustive resource of Women Fitness and Health\",\"potentialAction\":[{\"@type\":\"SearchAction\",\"target\":{\"@type\":\"EntryPoint\",\"urlTemplate\":\"https:\/\/www.womenfitness.net\/shop\/?s={search_term_string}\"},\"query-input\":\"required name=search_term_string\"}],\"inLanguage\":\"en-US\"}]}<\/script>\n<!-- \/ Yoast SEO plugin. -->","yoast_head_json":{"title":"\u00dcberlube Luxury Lubricant 100ml - WF Shopping","description":"\u00dcberlube! Use \u00fcberlube for Sex, Style, and Sport. High performance, long lasting, fantastic finish. Did you know that \u00fcberlube is used by salons","robots":{"index":"index","follow":"follow","max-snippet":"max-snippet:-1","max-image-preview":"max-image-preview:large","max-video-preview":"max-video-preview:-1"},"canonical":"https:\/\/www.womenfitness.net\/shop\/product\/uberlube-luxury-lubricant\/","og_locale":"en_US","og_type":"article","og_title":"\u00dcberlube Luxury Lubricant 100ml - WF Shopping","og_description":"\u00dcberlube! Use \u00fcberlube for Sex, Style, and Sport. High performance, long lasting, fantastic finish. Did you know that \u00fcberlube is used by salons","og_url":"https:\/\/www.womenfitness.net\/shop\/product\/uberlube-luxury-lubricant\/","og_site_name":"WF Shopping","og_image":[{"width":1000,"height":1000,"url":"https:\/\/www.womenfitness.net\/shop\/wp-content\/uploads\/2016\/10\/51QrUVFdE8L._SL1000_1.jpg","type":"image\/jpeg"}],"twitter_card":"summary_large_image","schema":{"@context":"https:\/\/schema.org","@graph":[{"@type":"WebPage","@id":"https:\/\/www.womenfitness.net\/shop\/product\/uberlube-luxury-lubricant\/","url":"https:\/\/www.womenfitness.net\/shop\/product\/uberlube-luxury-lubricant\/","name":"\u00dcberlube Luxury Lubricant 100ml - WF Shopping","isPartOf":{"@id":"https:\/\/www.womenfitness.net\/shop\/#website"},"primaryImageOfPage":{"@id":"https:\/\/www.womenfitness.net\/shop\/product\/uberlube-luxury-lubricant\/#primaryimage"},"image":{"@id":"https:\/\/www.womenfitness.net\/shop\/product\/uberlube-luxury-lubricant\/#primaryimage"},"thumbnailUrl":"https:\/\/www.womenfitness.net\/shop\/wp-content\/uploads\/2016\/10\/51QrUVFdE8L._SL1000_1.jpg","datePublished":"2016-10-25T07:50:06+00:00","dateModified":"2016-10-25T07:50:06+00:00","description":"\u00dcberlube! Use \u00fcberlube for Sex, Style, and Sport. High performance, long lasting, fantastic finish. Did you know that \u00fcberlube is used by salons","breadcrumb":{"@id":"https:\/\/www.womenfitness.net\/shop\/product\/uberlube-luxury-lubricant\/#breadcrumb"},"inLanguage":"en-US","potentialAction":[{"@type":"ReadAction","target":["https:\/\/www.womenfitness.net\/shop\/product\/uberlube-luxury-lubricant\/"]}]},{"@type":"ImageObject","inLanguage":"en-US","@id":"https:\/\/www.womenfitness.net\/shop\/product\/uberlube-luxury-lubricant\/#primaryimage","url":"https:\/\/www.womenfitness.net\/shop\/wp-content\/uploads\/2016\/10\/51QrUVFdE8L._SL1000_1.jpg","contentUrl":"https:\/\/www.womenfitness.net\/shop\/wp-content\/uploads\/2016\/10\/51QrUVFdE8L._SL1000_1.jpg","width":1000,"height":1000},{"@type":"BreadcrumbList","@id":"https:\/\/www.womenfitness.net\/shop\/product\/uberlube-luxury-lubricant\/#breadcrumb","itemListElement":[{"@type":"ListItem","position":1,"name":"Home","item":"https:\/\/www.womenfitness.net\/shop\/"},{"@type":"ListItem","position":2,"name":"Shop","item":"https:\/\/www.womenfitness.net\/shop\/"},{"@type":"ListItem","position":3,"name":"\u00dcberlube Luxury Lubricant 100ml"}]},{"@type":"WebSite","@id":"https:\/\/www.womenfitness.net\/shop\/#website","url":"https:\/\/www.womenfitness.net\/shop\/","name":"WF Shopping","description":"An exhaustive resource of Women Fitness and Health","potentialAction":[{"@type":"SearchAction","target":{"@type":"EntryPoint","urlTemplate":"https:\/\/www.womenfitness.net\/shop\/?s={search_term_string}"},"query-input":"required name=search_term_string"}],"inLanguage":"en-US"}]}},"_links":{"self":[{"href":"https:\/\/www.womenfitness.net\/shop\/wp-json\/wp\/v2\/product\/2276"}],"collection":[{"href":"https:\/\/www.womenfitness.net\/shop\/wp-json\/wp\/v2\/product"}],"about":[{"href":"https:\/\/www.womenfitness.net\/shop\/wp-json\/wp\/v2\/types\/product"}],"replies":[{"embeddable":true,"href":"https:\/\/www.womenfitness.net\/shop\/wp-json\/wp\/v2\/comments?post=2276"}],"wp:featuredmedia":[{"embeddable":true,"href":"https:\/\/www.womenfitness.net\/shop\/wp-json\/wp\/v2\/media\/2277"}],"wp:attachment":[{"href":"https:\/\/www.womenfitness.net\/shop\/wp-json\/wp\/v2\/media?parent=2276"}],"wp:term":[{"taxonomy":"product_cat","embeddable":true,"href":"https:\/\/www.womenfitness.net\/shop\/wp-json\/wp\/v2\/product_cat?post=2276"},{"taxonomy":"product_tag","embeddable":true,"href":"https:\/\/www.womenfitness.net\/shop\/wp-json\/wp\/v2\/product_tag?post=2276"}],"curies":[{"name":"wp","href":"https:\/\/api.w.org\/{rel}","templated":true}]}}