{"id":52755,"date":"2024-01-19T16:10:38","date_gmt":"2024-01-19T10:40:38","guid":{"rendered":"https:\/\/www.womenfitness.net\/shop\/?post_type=product&#038;p=52755"},"modified":"2024-01-19T16:10:39","modified_gmt":"2024-01-19T10:40:39","slug":"6-bundles-fake-flowers-wildflowers","status":"publish","type":"product","link":"https:\/\/www.womenfitness.net\/shop\/product\/6-bundles-fake-flowers-wildflowers\/","title":{"rendered":"6 Bundles Fake Flowers Wi..."},"content":{"rendered":"<p>6 Bundles Fake Flowers Wildflowers Artificial Daisy Bouquet Silk Greenery Stems Plants UV Resistant Spring Floral Arrangements Decorations for Home Decor Indoor Garden Cemetery Hanging Outdoor 6 pacotes de flores falsas flores silvestres buqu\u00ea de margaridas artificiais hastes de seda vegeta\u00e7\u00e3o plantas resistentes a UV primavera arranjos florais decora\u00e7\u00f5es para decora\u00e7\u00e3o de casa jardim interior cemit\u00e9rio pendurado ao ar livre K\u00fcnstliche Blumen Wildblumen k\u00fcnstlicher G\u00e4nsebl\u00fcmchenstrau\u00df Seide Gr\u00fcnpflanzen Pflanzen UV best\u00e4ndig Fr\u00fchlingsblumenarrangements Dekorationen f\u00fcr Heimdekoration Innenbereich Garten Friedhof zum Aufh\u00e4ngen im Freien 6 B\u00fcndel.<\/p>\n","protected":false},"excerpt":{"rendered":"<p id=\"title\" class=\"a-size-large a-spacing-none\"><span id=\"productTitle\" class=\"a-size-large product-title-word-break\">6 Bundles Fake Flowers Wildflowers Artificial Daisy Bouquet Silk Greenery Stems Plants UV Resistant Spring Floral Arrangements Decorations for Home Decor Indoor Garden Cemetery Hanging Outdoor<\/span><\/p>\n<hr \/>\n<p><strong>Brand<\/strong> : LitTown<br \/>\n<strong>Plant or Animal Product Type<\/strong> : Lifelike Artificial Daisy<br \/>\n<strong>Color<\/strong>\u00a0 : 01 &#8211; Multicolor<br \/>\n<strong>Material<\/strong> : Silk Flower &amp; Plastic Branches<br \/>\n<strong>Product Dimensions<\/strong> : 1.89&#8243;D x 3.77&#8243;W x 15.66&#8243;H<\/p>\n<p>&nbsp;<\/p>\n","protected":false},"featured_media":52756,"comment_status":"closed","ping_status":"closed","template":"","meta":{"_genesis_hide_title":false,"_genesis_hide_breadcrumbs":false,"_genesis_hide_singular_image":false,"_genesis_hide_footer_widgets":false,"_genesis_custom_body_class":"","_genesis_custom_post_class":"","_genesis_layout":""},"product_cat":[88],"product_tag":[],"yoast_head":"<!-- This site is optimized with the Yoast SEO plugin v22.8 - https:\/\/yoast.com\/wordpress\/plugins\/seo\/ -->\n<title>6 Bundles Fake Flowers Wildflowers - WF Shopping<\/title>\n<meta name=\"description\" content=\"6 Bundles Fake Flowers Wildflowers Artificial Daisy Bouquet Silk Greenery Stems Plants UV Resistant Spring Floral Arrangements Decorations\" \/>\n<meta name=\"robots\" content=\"index, follow, max-snippet:-1, max-image-preview:large, max-video-preview:-1\" \/>\n<link rel=\"canonical\" href=\"https:\/\/www.womenfitness.net\/shop\/product\/6-bundles-fake-flowers-wildflowers\/\" \/>\n<meta property=\"og:locale\" content=\"en_US\" \/>\n<meta property=\"og:type\" content=\"article\" \/>\n<meta property=\"og:title\" content=\"6 Bundles Fake Flowers Wildflowers - WF Shopping\" \/>\n<meta property=\"og:description\" content=\"6 Bundles Fake Flowers Wildflowers Artificial Daisy Bouquet Silk Greenery Stems Plants UV Resistant Spring Floral Arrangements Decorations\" \/>\n<meta property=\"og:url\" content=\"https:\/\/www.womenfitness.net\/shop\/product\/6-bundles-fake-flowers-wildflowers\/\" \/>\n<meta property=\"og:site_name\" content=\"WF Shopping\" \/>\n<meta property=\"article:modified_time\" content=\"2024-01-19T10:40:39+00:00\" \/>\n<meta property=\"og:image\" content=\"https:\/\/www.womenfitness.net\/shop\/wp-content\/uploads\/2024\/01\/6-Bundles-Fake-Flowers-Wildflowers.jpg\" \/>\n\t<meta property=\"og:image:width\" content=\"522\" \/>\n\t<meta property=\"og:image:height\" content=\"486\" \/>\n\t<meta property=\"og:image:type\" content=\"image\/jpeg\" \/>\n<meta name=\"twitter:card\" content=\"summary_large_image\" \/>\n<script type=\"application\/ld+json\" class=\"yoast-schema-graph\">{\"@context\":\"https:\/\/schema.org\",\"@graph\":[{\"@type\":\"WebPage\",\"@id\":\"https:\/\/www.womenfitness.net\/shop\/product\/6-bundles-fake-flowers-wildflowers\/\",\"url\":\"https:\/\/www.womenfitness.net\/shop\/product\/6-bundles-fake-flowers-wildflowers\/\",\"name\":\"6 Bundles Fake Flowers Wildflowers - WF Shopping\",\"isPartOf\":{\"@id\":\"https:\/\/www.womenfitness.net\/shop\/#website\"},\"primaryImageOfPage\":{\"@id\":\"https:\/\/www.womenfitness.net\/shop\/product\/6-bundles-fake-flowers-wildflowers\/#primaryimage\"},\"image\":{\"@id\":\"https:\/\/www.womenfitness.net\/shop\/product\/6-bundles-fake-flowers-wildflowers\/#primaryimage\"},\"thumbnailUrl\":\"https:\/\/www.womenfitness.net\/shop\/wp-content\/uploads\/2024\/01\/6-Bundles-Fake-Flowers-Wildflowers.jpg\",\"datePublished\":\"2024-01-19T10:40:38+00:00\",\"dateModified\":\"2024-01-19T10:40:39+00:00\",\"description\":\"6 Bundles Fake Flowers Wildflowers Artificial Daisy Bouquet Silk Greenery Stems Plants UV Resistant Spring Floral Arrangements Decorations\",\"breadcrumb\":{\"@id\":\"https:\/\/www.womenfitness.net\/shop\/product\/6-bundles-fake-flowers-wildflowers\/#breadcrumb\"},\"inLanguage\":\"en-US\",\"potentialAction\":[{\"@type\":\"ReadAction\",\"target\":[\"https:\/\/www.womenfitness.net\/shop\/product\/6-bundles-fake-flowers-wildflowers\/\"]}]},{\"@type\":\"ImageObject\",\"inLanguage\":\"en-US\",\"@id\":\"https:\/\/www.womenfitness.net\/shop\/product\/6-bundles-fake-flowers-wildflowers\/#primaryimage\",\"url\":\"https:\/\/www.womenfitness.net\/shop\/wp-content\/uploads\/2024\/01\/6-Bundles-Fake-Flowers-Wildflowers.jpg\",\"contentUrl\":\"https:\/\/www.womenfitness.net\/shop\/wp-content\/uploads\/2024\/01\/6-Bundles-Fake-Flowers-Wildflowers.jpg\",\"width\":522,\"height\":486,\"caption\":\"6 Bundles Fake Flowers Wildflowers\"},{\"@type\":\"BreadcrumbList\",\"@id\":\"https:\/\/www.womenfitness.net\/shop\/product\/6-bundles-fake-flowers-wildflowers\/#breadcrumb\",\"itemListElement\":[{\"@type\":\"ListItem\",\"position\":1,\"name\":\"Home\",\"item\":\"https:\/\/www.womenfitness.net\/shop\/\"},{\"@type\":\"ListItem\",\"position\":2,\"name\":\"Shop\",\"item\":\"https:\/\/www.womenfitness.net\/shop\/\"},{\"@type\":\"ListItem\",\"position\":3,\"name\":\"6 Bundles Fake Flowers Wildflowers\"}]},{\"@type\":\"WebSite\",\"@id\":\"https:\/\/www.womenfitness.net\/shop\/#website\",\"url\":\"https:\/\/www.womenfitness.net\/shop\/\",\"name\":\"WF Shopping\",\"description\":\"An exhaustive resource of Women Fitness and Health\",\"potentialAction\":[{\"@type\":\"SearchAction\",\"target\":{\"@type\":\"EntryPoint\",\"urlTemplate\":\"https:\/\/www.womenfitness.net\/shop\/?s={search_term_string}\"},\"query-input\":\"required name=search_term_string\"}],\"inLanguage\":\"en-US\"}]}<\/script>\n<!-- \/ Yoast SEO plugin. -->","yoast_head_json":{"title":"6 Bundles Fake Flowers Wildflowers - WF Shopping","description":"6 Bundles Fake Flowers Wildflowers Artificial Daisy Bouquet Silk Greenery Stems Plants UV Resistant Spring Floral Arrangements Decorations","robots":{"index":"index","follow":"follow","max-snippet":"max-snippet:-1","max-image-preview":"max-image-preview:large","max-video-preview":"max-video-preview:-1"},"canonical":"https:\/\/www.womenfitness.net\/shop\/product\/6-bundles-fake-flowers-wildflowers\/","og_locale":"en_US","og_type":"article","og_title":"6 Bundles Fake Flowers Wildflowers - WF Shopping","og_description":"6 Bundles Fake Flowers Wildflowers Artificial Daisy Bouquet Silk Greenery Stems Plants UV Resistant Spring Floral Arrangements Decorations","og_url":"https:\/\/www.womenfitness.net\/shop\/product\/6-bundles-fake-flowers-wildflowers\/","og_site_name":"WF Shopping","article_modified_time":"2024-01-19T10:40:39+00:00","og_image":[{"width":522,"height":486,"url":"https:\/\/www.womenfitness.net\/shop\/wp-content\/uploads\/2024\/01\/6-Bundles-Fake-Flowers-Wildflowers.jpg","type":"image\/jpeg"}],"twitter_card":"summary_large_image","schema":{"@context":"https:\/\/schema.org","@graph":[{"@type":"WebPage","@id":"https:\/\/www.womenfitness.net\/shop\/product\/6-bundles-fake-flowers-wildflowers\/","url":"https:\/\/www.womenfitness.net\/shop\/product\/6-bundles-fake-flowers-wildflowers\/","name":"6 Bundles Fake Flowers Wildflowers - WF Shopping","isPartOf":{"@id":"https:\/\/www.womenfitness.net\/shop\/#website"},"primaryImageOfPage":{"@id":"https:\/\/www.womenfitness.net\/shop\/product\/6-bundles-fake-flowers-wildflowers\/#primaryimage"},"image":{"@id":"https:\/\/www.womenfitness.net\/shop\/product\/6-bundles-fake-flowers-wildflowers\/#primaryimage"},"thumbnailUrl":"https:\/\/www.womenfitness.net\/shop\/wp-content\/uploads\/2024\/01\/6-Bundles-Fake-Flowers-Wildflowers.jpg","datePublished":"2024-01-19T10:40:38+00:00","dateModified":"2024-01-19T10:40:39+00:00","description":"6 Bundles Fake Flowers Wildflowers Artificial Daisy Bouquet Silk Greenery Stems Plants UV Resistant Spring Floral Arrangements Decorations","breadcrumb":{"@id":"https:\/\/www.womenfitness.net\/shop\/product\/6-bundles-fake-flowers-wildflowers\/#breadcrumb"},"inLanguage":"en-US","potentialAction":[{"@type":"ReadAction","target":["https:\/\/www.womenfitness.net\/shop\/product\/6-bundles-fake-flowers-wildflowers\/"]}]},{"@type":"ImageObject","inLanguage":"en-US","@id":"https:\/\/www.womenfitness.net\/shop\/product\/6-bundles-fake-flowers-wildflowers\/#primaryimage","url":"https:\/\/www.womenfitness.net\/shop\/wp-content\/uploads\/2024\/01\/6-Bundles-Fake-Flowers-Wildflowers.jpg","contentUrl":"https:\/\/www.womenfitness.net\/shop\/wp-content\/uploads\/2024\/01\/6-Bundles-Fake-Flowers-Wildflowers.jpg","width":522,"height":486,"caption":"6 Bundles Fake Flowers Wildflowers"},{"@type":"BreadcrumbList","@id":"https:\/\/www.womenfitness.net\/shop\/product\/6-bundles-fake-flowers-wildflowers\/#breadcrumb","itemListElement":[{"@type":"ListItem","position":1,"name":"Home","item":"https:\/\/www.womenfitness.net\/shop\/"},{"@type":"ListItem","position":2,"name":"Shop","item":"https:\/\/www.womenfitness.net\/shop\/"},{"@type":"ListItem","position":3,"name":"6 Bundles Fake Flowers Wildflowers"}]},{"@type":"WebSite","@id":"https:\/\/www.womenfitness.net\/shop\/#website","url":"https:\/\/www.womenfitness.net\/shop\/","name":"WF Shopping","description":"An exhaustive resource of Women Fitness and Health","potentialAction":[{"@type":"SearchAction","target":{"@type":"EntryPoint","urlTemplate":"https:\/\/www.womenfitness.net\/shop\/?s={search_term_string}"},"query-input":"required name=search_term_string"}],"inLanguage":"en-US"}]}},"_links":{"self":[{"href":"https:\/\/www.womenfitness.net\/shop\/wp-json\/wp\/v2\/product\/52755"}],"collection":[{"href":"https:\/\/www.womenfitness.net\/shop\/wp-json\/wp\/v2\/product"}],"about":[{"href":"https:\/\/www.womenfitness.net\/shop\/wp-json\/wp\/v2\/types\/product"}],"replies":[{"embeddable":true,"href":"https:\/\/www.womenfitness.net\/shop\/wp-json\/wp\/v2\/comments?post=52755"}],"wp:featuredmedia":[{"embeddable":true,"href":"https:\/\/www.womenfitness.net\/shop\/wp-json\/wp\/v2\/media\/52756"}],"wp:attachment":[{"href":"https:\/\/www.womenfitness.net\/shop\/wp-json\/wp\/v2\/media?parent=52755"}],"wp:term":[{"taxonomy":"product_cat","embeddable":true,"href":"https:\/\/www.womenfitness.net\/shop\/wp-json\/wp\/v2\/product_cat?post=52755"},{"taxonomy":"product_tag","embeddable":true,"href":"https:\/\/www.womenfitness.net\/shop\/wp-json\/wp\/v2\/product_tag?post=52755"}],"curies":[{"name":"wp","href":"https:\/\/api.w.org\/{rel}","templated":true}]}}