{"id":54007,"date":"2024-10-04T17:57:21","date_gmt":"2024-10-04T12:27:21","guid":{"rendered":"https:\/\/www.womenfitness.net\/shop\/?post_type=product&#038;p=54007"},"modified":"2024-10-04T17:57:21","modified_gmt":"2024-10-04T12:27:21","slug":"the-new-beauty-a-modern-look-at-beauty-culture-and-fashion","status":"publish","type":"product","link":"https:\/\/www.womenfitness.net\/shop\/product\/the-new-beauty-a-modern-look-at-beauty-culture-and-fashion\/","title":{"rendered":"The New Beauty: A Modern ..."},"content":{"rendered":"<p><strong>About the Author<\/strong><\/p>\n<hr \/>\n<div class=\"a-section a-spacing-small a-padding-small\">KARI MOLVAR est \u00e9crivaine et r\u00e9dactrice en chef. Elle \u00e9crit sur le bien-\u00eatre vu sous l\u2019angle du design, de la culture et du style. Elle contribue \u00e0 la version num\u00e9rique de T: The New York Times Style Magazine et a cr\u00e9\u00e9 le site Rutine Matters. Ses articles paraissent notamment dans Vogue et The Wall Street Journal.<\/div>\n","protected":false},"excerpt":{"rendered":"<p class=\"a-spacing-none a-text-normal\"><strong><span id=\"productTitle\" class=\"a-size-large celwidget\" data-csa-c-id=\"59ckxp-gqykvf-53ui63-vwtqh1\" data-cel-widget=\"productTitle\">The New Beauty: A Modern Look at Beauty, Culture, and Fashion<\/span><\/strong><\/p>\n<hr \/>\n<p><span class=\"a-text-bold\">In recent years, the beauty industry has shifted the conversation towards the individual in a way it hasn\u2019t done before.\u00a0<\/span><\/p>\n<p>While people, and women in particular, have historically been enticed into this industry to achieve rather rigid ideals set by society, the current conversations brands and consumers are establishing embrace individuality and celebrate identity. From using makeup as a means to challenge gender, to the link between hairstyling and community-building, or the rituals of skincare as a form of self-care, we are rediscovering beauty as a way of defining who we are and what we value.\u00a0<span class=\"a-text-italic\">Modern Beauty<\/span>\u00a0explores this shift from historical, scientific and journalistic perspectives, in a title that will not only appeal to industry insiders, but also to all those readers with an interest in feeling well in their own skin \u2013 and letting the world know.<\/p>\n<p><span class=\"a-text-bold\">What to expect:<\/span><\/p>\n<p>&nbsp;<\/p>\n<ul class=\"a-unordered-list a-vertical\">\n<li><span class=\"a-list-item\">A contemporary look at the universe of beauty, as told by New York Times wellness and beauty writer Kari Molvar.<\/span><\/li>\n<li><span class=\"a-list-item\">A relevant insight for those linked to the beauty industry, which is in a moment of transformation, as concepts such as wellness, feminism and inclusivity become equally important.<\/span><\/li>\n<li><span class=\"a-list-item\">An exploration that goes beyond the superficial and presents beauty from historical, scientific and journalistic perspectives.<\/span><\/li>\n<\/ul>\n","protected":false},"featured_media":54009,"comment_status":"closed","ping_status":"closed","template":"","meta":{"_genesis_hide_title":false,"_genesis_hide_breadcrumbs":false,"_genesis_hide_singular_image":false,"_genesis_hide_footer_widgets":false,"_genesis_custom_body_class":"","_genesis_custom_post_class":"","_genesis_layout":""},"product_cat":[35],"product_tag":[],"yoast_head":"<!-- This site is optimized with the Yoast SEO plugin v22.8 - https:\/\/yoast.com\/wordpress\/plugins\/seo\/ -->\n<title>The New Beauty: A Modern Look at Beauty, Culture, and Fashion - WF Shopping<\/title>\n<meta name=\"description\" content=\"The New Beauty: A Modern Look at Beauty, Culture, and Fashion ANDA contemporary look at the universe of beauty, as told by New York Times.\" \/>\n<meta name=\"robots\" content=\"index, follow, max-snippet:-1, max-image-preview:large, max-video-preview:-1\" \/>\n<link rel=\"canonical\" href=\"https:\/\/www.womenfitness.net\/shop\/product\/the-new-beauty-a-modern-look-at-beauty-culture-and-fashion\/\" \/>\n<meta property=\"og:locale\" content=\"en_US\" \/>\n<meta property=\"og:type\" content=\"article\" \/>\n<meta property=\"og:title\" content=\"The New Beauty: A Modern Look at Beauty, Culture, and Fashion - WF Shopping\" \/>\n<meta property=\"og:description\" content=\"The New Beauty: A Modern Look at Beauty, Culture, and Fashion ANDA contemporary look at the universe of beauty, as told by New York Times.\" \/>\n<meta property=\"og:url\" content=\"https:\/\/www.womenfitness.net\/shop\/product\/the-new-beauty-a-modern-look-at-beauty-culture-and-fashion\/\" \/>\n<meta property=\"og:site_name\" content=\"WF Shopping\" \/>\n<meta property=\"og:image\" content=\"https:\/\/www.womenfitness.net\/shop\/wp-content\/uploads\/2024\/10\/The-New-Beauty-A-Modern-Look-at-Beauty-Culture-and-Fashion.jpg\" \/>\n\t<meta property=\"og:image:width\" content=\"286\" \/>\n\t<meta property=\"og:image:height\" content=\"385\" \/>\n\t<meta property=\"og:image:type\" content=\"image\/jpeg\" \/>\n<meta name=\"twitter:card\" content=\"summary_large_image\" \/>\n<meta name=\"twitter:label1\" content=\"Est. reading time\" \/>\n\t<meta name=\"twitter:data1\" content=\"1 minute\" \/>\n<script type=\"application\/ld+json\" class=\"yoast-schema-graph\">{\"@context\":\"https:\/\/schema.org\",\"@graph\":[{\"@type\":\"WebPage\",\"@id\":\"https:\/\/www.womenfitness.net\/shop\/product\/the-new-beauty-a-modern-look-at-beauty-culture-and-fashion\/\",\"url\":\"https:\/\/www.womenfitness.net\/shop\/product\/the-new-beauty-a-modern-look-at-beauty-culture-and-fashion\/\",\"name\":\"The New Beauty: A Modern Look at Beauty, Culture, and Fashion - WF Shopping\",\"isPartOf\":{\"@id\":\"https:\/\/www.womenfitness.net\/shop\/#website\"},\"primaryImageOfPage\":{\"@id\":\"https:\/\/www.womenfitness.net\/shop\/product\/the-new-beauty-a-modern-look-at-beauty-culture-and-fashion\/#primaryimage\"},\"image\":{\"@id\":\"https:\/\/www.womenfitness.net\/shop\/product\/the-new-beauty-a-modern-look-at-beauty-culture-and-fashion\/#primaryimage\"},\"thumbnailUrl\":\"https:\/\/www.womenfitness.net\/shop\/wp-content\/uploads\/2024\/10\/The-New-Beauty-A-Modern-Look-at-Beauty-Culture-and-Fashion.jpg\",\"datePublished\":\"2024-10-04T12:27:21+00:00\",\"dateModified\":\"2024-10-04T12:27:21+00:00\",\"description\":\"The New Beauty: A Modern Look at Beauty, Culture, and Fashion ANDA contemporary look at the universe of beauty, as told by New York Times.\",\"breadcrumb\":{\"@id\":\"https:\/\/www.womenfitness.net\/shop\/product\/the-new-beauty-a-modern-look-at-beauty-culture-and-fashion\/#breadcrumb\"},\"inLanguage\":\"en-US\",\"potentialAction\":[{\"@type\":\"ReadAction\",\"target\":[\"https:\/\/www.womenfitness.net\/shop\/product\/the-new-beauty-a-modern-look-at-beauty-culture-and-fashion\/\"]}]},{\"@type\":\"ImageObject\",\"inLanguage\":\"en-US\",\"@id\":\"https:\/\/www.womenfitness.net\/shop\/product\/the-new-beauty-a-modern-look-at-beauty-culture-and-fashion\/#primaryimage\",\"url\":\"https:\/\/www.womenfitness.net\/shop\/wp-content\/uploads\/2024\/10\/The-New-Beauty-A-Modern-Look-at-Beauty-Culture-and-Fashion.jpg\",\"contentUrl\":\"https:\/\/www.womenfitness.net\/shop\/wp-content\/uploads\/2024\/10\/The-New-Beauty-A-Modern-Look-at-Beauty-Culture-and-Fashion.jpg\",\"width\":286,\"height\":385,\"caption\":\"The New Beauty: A Modern Look at Beauty, Culture, and Fashion\"},{\"@type\":\"BreadcrumbList\",\"@id\":\"https:\/\/www.womenfitness.net\/shop\/product\/the-new-beauty-a-modern-look-at-beauty-culture-and-fashion\/#breadcrumb\",\"itemListElement\":[{\"@type\":\"ListItem\",\"position\":1,\"name\":\"Home\",\"item\":\"https:\/\/www.womenfitness.net\/shop\/\"},{\"@type\":\"ListItem\",\"position\":2,\"name\":\"Shop\",\"item\":\"https:\/\/www.womenfitness.net\/shop\/\"},{\"@type\":\"ListItem\",\"position\":3,\"name\":\"The New Beauty: A Modern ...\"}]},{\"@type\":\"WebSite\",\"@id\":\"https:\/\/www.womenfitness.net\/shop\/#website\",\"url\":\"https:\/\/www.womenfitness.net\/shop\/\",\"name\":\"WF Shopping\",\"description\":\"An exhaustive resource of Women Fitness and Health\",\"potentialAction\":[{\"@type\":\"SearchAction\",\"target\":{\"@type\":\"EntryPoint\",\"urlTemplate\":\"https:\/\/www.womenfitness.net\/shop\/?s={search_term_string}\"},\"query-input\":\"required name=search_term_string\"}],\"inLanguage\":\"en-US\"}]}<\/script>\n<!-- \/ Yoast SEO plugin. -->","yoast_head_json":{"title":"The New Beauty: A Modern Look at Beauty, Culture, and Fashion - WF Shopping","description":"The New Beauty: A Modern Look at Beauty, Culture, and Fashion ANDA contemporary look at the universe of beauty, as told by New York Times.","robots":{"index":"index","follow":"follow","max-snippet":"max-snippet:-1","max-image-preview":"max-image-preview:large","max-video-preview":"max-video-preview:-1"},"canonical":"https:\/\/www.womenfitness.net\/shop\/product\/the-new-beauty-a-modern-look-at-beauty-culture-and-fashion\/","og_locale":"en_US","og_type":"article","og_title":"The New Beauty: A Modern Look at Beauty, Culture, and Fashion - WF Shopping","og_description":"The New Beauty: A Modern Look at Beauty, Culture, and Fashion ANDA contemporary look at the universe of beauty, as told by New York Times.","og_url":"https:\/\/www.womenfitness.net\/shop\/product\/the-new-beauty-a-modern-look-at-beauty-culture-and-fashion\/","og_site_name":"WF Shopping","og_image":[{"width":286,"height":385,"url":"https:\/\/www.womenfitness.net\/shop\/wp-content\/uploads\/2024\/10\/The-New-Beauty-A-Modern-Look-at-Beauty-Culture-and-Fashion.jpg","type":"image\/jpeg"}],"twitter_card":"summary_large_image","twitter_misc":{"Est. reading time":"1 minute"},"schema":{"@context":"https:\/\/schema.org","@graph":[{"@type":"WebPage","@id":"https:\/\/www.womenfitness.net\/shop\/product\/the-new-beauty-a-modern-look-at-beauty-culture-and-fashion\/","url":"https:\/\/www.womenfitness.net\/shop\/product\/the-new-beauty-a-modern-look-at-beauty-culture-and-fashion\/","name":"The New Beauty: A Modern Look at Beauty, Culture, and Fashion - WF Shopping","isPartOf":{"@id":"https:\/\/www.womenfitness.net\/shop\/#website"},"primaryImageOfPage":{"@id":"https:\/\/www.womenfitness.net\/shop\/product\/the-new-beauty-a-modern-look-at-beauty-culture-and-fashion\/#primaryimage"},"image":{"@id":"https:\/\/www.womenfitness.net\/shop\/product\/the-new-beauty-a-modern-look-at-beauty-culture-and-fashion\/#primaryimage"},"thumbnailUrl":"https:\/\/www.womenfitness.net\/shop\/wp-content\/uploads\/2024\/10\/The-New-Beauty-A-Modern-Look-at-Beauty-Culture-and-Fashion.jpg","datePublished":"2024-10-04T12:27:21+00:00","dateModified":"2024-10-04T12:27:21+00:00","description":"The New Beauty: A Modern Look at Beauty, Culture, and Fashion ANDA contemporary look at the universe of beauty, as told by New York Times.","breadcrumb":{"@id":"https:\/\/www.womenfitness.net\/shop\/product\/the-new-beauty-a-modern-look-at-beauty-culture-and-fashion\/#breadcrumb"},"inLanguage":"en-US","potentialAction":[{"@type":"ReadAction","target":["https:\/\/www.womenfitness.net\/shop\/product\/the-new-beauty-a-modern-look-at-beauty-culture-and-fashion\/"]}]},{"@type":"ImageObject","inLanguage":"en-US","@id":"https:\/\/www.womenfitness.net\/shop\/product\/the-new-beauty-a-modern-look-at-beauty-culture-and-fashion\/#primaryimage","url":"https:\/\/www.womenfitness.net\/shop\/wp-content\/uploads\/2024\/10\/The-New-Beauty-A-Modern-Look-at-Beauty-Culture-and-Fashion.jpg","contentUrl":"https:\/\/www.womenfitness.net\/shop\/wp-content\/uploads\/2024\/10\/The-New-Beauty-A-Modern-Look-at-Beauty-Culture-and-Fashion.jpg","width":286,"height":385,"caption":"The New Beauty: A Modern Look at Beauty, Culture, and Fashion"},{"@type":"BreadcrumbList","@id":"https:\/\/www.womenfitness.net\/shop\/product\/the-new-beauty-a-modern-look-at-beauty-culture-and-fashion\/#breadcrumb","itemListElement":[{"@type":"ListItem","position":1,"name":"Home","item":"https:\/\/www.womenfitness.net\/shop\/"},{"@type":"ListItem","position":2,"name":"Shop","item":"https:\/\/www.womenfitness.net\/shop\/"},{"@type":"ListItem","position":3,"name":"The New Beauty: A Modern ..."}]},{"@type":"WebSite","@id":"https:\/\/www.womenfitness.net\/shop\/#website","url":"https:\/\/www.womenfitness.net\/shop\/","name":"WF Shopping","description":"An exhaustive resource of Women Fitness and Health","potentialAction":[{"@type":"SearchAction","target":{"@type":"EntryPoint","urlTemplate":"https:\/\/www.womenfitness.net\/shop\/?s={search_term_string}"},"query-input":"required name=search_term_string"}],"inLanguage":"en-US"}]}},"_links":{"self":[{"href":"https:\/\/www.womenfitness.net\/shop\/wp-json\/wp\/v2\/product\/54007"}],"collection":[{"href":"https:\/\/www.womenfitness.net\/shop\/wp-json\/wp\/v2\/product"}],"about":[{"href":"https:\/\/www.womenfitness.net\/shop\/wp-json\/wp\/v2\/types\/product"}],"replies":[{"embeddable":true,"href":"https:\/\/www.womenfitness.net\/shop\/wp-json\/wp\/v2\/comments?post=54007"}],"wp:featuredmedia":[{"embeddable":true,"href":"https:\/\/www.womenfitness.net\/shop\/wp-json\/wp\/v2\/media\/54009"}],"wp:attachment":[{"href":"https:\/\/www.womenfitness.net\/shop\/wp-json\/wp\/v2\/media?parent=54007"}],"wp:term":[{"taxonomy":"product_cat","embeddable":true,"href":"https:\/\/www.womenfitness.net\/shop\/wp-json\/wp\/v2\/product_cat?post=54007"},{"taxonomy":"product_tag","embeddable":true,"href":"https:\/\/www.womenfitness.net\/shop\/wp-json\/wp\/v2\/product_tag?post=54007"}],"curies":[{"name":"wp","href":"https:\/\/api.w.org\/{rel}","templated":true}]}}