{"id":54142,"date":"2024-10-07T17:41:51","date_gmt":"2024-10-07T12:11:51","guid":{"rendered":"https:\/\/www.womenfitness.net\/shop\/?post_type=product&#038;p=54142"},"modified":"2024-10-07T17:41:51","modified_gmt":"2024-10-07T12:11:51","slug":"preserved-flowers-bouquet-purple-forever-flowers-with-eternal-roses-purple","status":"publish","type":"product","link":"https:\/\/www.womenfitness.net\/shop\/product\/preserved-flowers-bouquet-purple-forever-flowers-with-eternal-roses-purple\/","title":{"rendered":"Preserved Flowers Bouquet..."},"content":{"rendered":"<ul class=\"a-unordered-list a-vertical a-spacing-mini\">\n<li class=\"a-spacing-mini\"><span class=\"a-list-item\">Send Flowers to Someone &#8211; Discover the elegance of our purple preserved flowers bouquet which has a real touch and feel featuring stunning purple roses and hydrangeas. Enjoy the convenience of having beautifully preserved flowers bulk that arrive in perfect condition in a gift box ready to impress and brighten any room can also be used as sympathy flowers as gift.<\/span><\/li>\n<li class=\"a-spacing-mini\"><span class=\"a-list-item\">Purple Gifts For Women &#8211; Perfect for any occasion surprise your loved ones with this luxurious forever purple bouquet ideal for birthdays anniversaries Mother&#8217;s Day or Valentine&#8217;s Day and retirement. This elegant arrangement of long-lasting eternal flowers is a unique and thoughtful gift that stands out from traditional fresh bulk flowers. The preserved everlasting purple flowers will be cherished maintaining their beauty for years to come.<\/span><\/li>\n<li class=\"a-spacing-mini\"><span class=\"a-list-item\">Ribbon Flower Bouquet &#8211; Enjoy the timeless beauty of our preserved flower bouquet decorated with purple ribbons which is ideal alternative to fresh cut flowers with the enduring appeal of eternal roses and purple hydrangeas. These flowers are perfect for home d\u00e9cor or as a memorable gift maintaining their vibrant appearance indefinitely. Unlike fresh flowers our preserved bouquets offer a long lasting reminder of the thoughtful gift.<\/span><\/li>\n<li class=\"a-spacing-mini\"><span class=\"a-list-item\">Ramos de flores preservadas color p\u00farpura para una belleza duradera: Nuestros ramos de flores preservadas color p\u00farpura son ideales para quienes buscan una alternativa duradera a las flores frescas. Estas flores eternas mantienen su belleza y color vibrante sin necesidad de agua o cuidados. Perfectas para regalar en cumplea\u00f1os D\u00eda de las Madres o San Valent\u00edn ofrecen una soluci\u00f3n elegante y de bajo mantenimiento que siempre luce fresca.<\/span><\/li>\n<li class=\"a-spacing-mini\"><span class=\"a-list-item\">Flores eternas para ramos buchones p\u00farpuras: la alternativa perfecta a las flores frescas: Los ramos de flores preservadas p\u00farpuras son perfectos para quienes desean la belleza de las flores sin el mantenimiento. A diferencia de las flores naturales frescas estas flores eternas conservan su aspecto radiante durante mucho tiempo. Ideales para decoraci\u00f3n de bodas eventos especiales o como regalo duradero que simboliza un amor perdurable.<\/span><\/li>\n<\/ul>\n","protected":false},"excerpt":{"rendered":"<p class=\"a-size-large a-spacing-none\"><strong><span id=\"productTitle\" class=\"a-size-large product-title-word-break\">Preserved Flowers Bouquet &#8211; Purple Forever Flowers with Eternal Roses &amp; Purple Hydrangea, Flowers for Delivery Prime, Gifts for Women Birthday Unique, No Vase &amp; Alternative to Fresh Cut Floral<\/span><\/strong><\/p>\n<hr \/>\n<p id=\"title\" class=\"a-size-large a-spacing-none\">Color : Purple<br \/>\nProduct Type : Preserved Flowers<br \/>\nBrand : RyddeligHome<br \/>\nGlobal Trade Identification Number : 05065011161633<br \/>\nManufacturer : RyddeligHome<\/p>\n","protected":false},"featured_media":54143,"comment_status":"closed","ping_status":"closed","template":"","meta":{"_genesis_hide_title":false,"_genesis_hide_breadcrumbs":false,"_genesis_hide_singular_image":false,"_genesis_hide_footer_widgets":false,"_genesis_custom_body_class":"","_genesis_custom_post_class":"","_genesis_layout":""},"product_cat":[88],"product_tag":[],"yoast_head":"<!-- This site is optimized with the Yoast SEO plugin v22.8 - https:\/\/yoast.com\/wordpress\/plugins\/seo\/ -->\n<title>Preserved Flowers Bouquet - Purple Forever Flowers with Eternal Roses &amp; Purple - WF Shopping<\/title>\n<meta name=\"description\" content=\"Preserved Flowers Bouquet - Purple Forever Flowers with Eternal Roses &amp; Purple Hydrangea, Flowers for Delivery Prime, Gifts for Women Birthday Unique.\" \/>\n<meta name=\"robots\" content=\"index, follow, max-snippet:-1, max-image-preview:large, max-video-preview:-1\" \/>\n<link rel=\"canonical\" href=\"https:\/\/www.womenfitness.net\/shop\/product\/preserved-flowers-bouquet-purple-forever-flowers-with-eternal-roses-purple\/\" \/>\n<meta property=\"og:locale\" content=\"en_US\" \/>\n<meta property=\"og:type\" content=\"article\" \/>\n<meta property=\"og:title\" content=\"Preserved Flowers Bouquet - Purple Forever Flowers with Eternal Roses &amp; Purple - WF Shopping\" \/>\n<meta property=\"og:description\" content=\"Preserved Flowers Bouquet - Purple Forever Flowers with Eternal Roses &amp; Purple Hydrangea, Flowers for Delivery Prime, Gifts for Women Birthday Unique.\" \/>\n<meta property=\"og:url\" content=\"https:\/\/www.womenfitness.net\/shop\/product\/preserved-flowers-bouquet-purple-forever-flowers-with-eternal-roses-purple\/\" \/>\n<meta property=\"og:site_name\" content=\"WF Shopping\" \/>\n<meta property=\"og:image\" content=\"https:\/\/www.womenfitness.net\/shop\/wp-content\/uploads\/2024\/10\/Preserved-Flowers-Bouquet-Purple-Forever-Flowers-with-Eternal-Roses-Purple.jpg\" \/>\n\t<meta property=\"og:image:width\" content=\"569\" \/>\n\t<meta property=\"og:image:height\" content=\"569\" \/>\n\t<meta property=\"og:image:type\" content=\"image\/jpeg\" \/>\n<meta name=\"twitter:card\" content=\"summary_large_image\" \/>\n<meta name=\"twitter:label1\" content=\"Est. reading time\" \/>\n\t<meta name=\"twitter:data1\" content=\"2 minutes\" \/>\n<script type=\"application\/ld+json\" class=\"yoast-schema-graph\">{\"@context\":\"https:\/\/schema.org\",\"@graph\":[{\"@type\":\"WebPage\",\"@id\":\"https:\/\/www.womenfitness.net\/shop\/product\/preserved-flowers-bouquet-purple-forever-flowers-with-eternal-roses-purple\/\",\"url\":\"https:\/\/www.womenfitness.net\/shop\/product\/preserved-flowers-bouquet-purple-forever-flowers-with-eternal-roses-purple\/\",\"name\":\"Preserved Flowers Bouquet - Purple Forever Flowers with Eternal Roses & Purple - WF Shopping\",\"isPartOf\":{\"@id\":\"https:\/\/www.womenfitness.net\/shop\/#website\"},\"primaryImageOfPage\":{\"@id\":\"https:\/\/www.womenfitness.net\/shop\/product\/preserved-flowers-bouquet-purple-forever-flowers-with-eternal-roses-purple\/#primaryimage\"},\"image\":{\"@id\":\"https:\/\/www.womenfitness.net\/shop\/product\/preserved-flowers-bouquet-purple-forever-flowers-with-eternal-roses-purple\/#primaryimage\"},\"thumbnailUrl\":\"https:\/\/www.womenfitness.net\/shop\/wp-content\/uploads\/2024\/10\/Preserved-Flowers-Bouquet-Purple-Forever-Flowers-with-Eternal-Roses-Purple.jpg\",\"datePublished\":\"2024-10-07T12:11:51+00:00\",\"dateModified\":\"2024-10-07T12:11:51+00:00\",\"description\":\"Preserved Flowers Bouquet - Purple Forever Flowers with Eternal Roses & Purple Hydrangea, Flowers for Delivery Prime, Gifts for Women Birthday Unique.\",\"breadcrumb\":{\"@id\":\"https:\/\/www.womenfitness.net\/shop\/product\/preserved-flowers-bouquet-purple-forever-flowers-with-eternal-roses-purple\/#breadcrumb\"},\"inLanguage\":\"en-US\",\"potentialAction\":[{\"@type\":\"ReadAction\",\"target\":[\"https:\/\/www.womenfitness.net\/shop\/product\/preserved-flowers-bouquet-purple-forever-flowers-with-eternal-roses-purple\/\"]}]},{\"@type\":\"ImageObject\",\"inLanguage\":\"en-US\",\"@id\":\"https:\/\/www.womenfitness.net\/shop\/product\/preserved-flowers-bouquet-purple-forever-flowers-with-eternal-roses-purple\/#primaryimage\",\"url\":\"https:\/\/www.womenfitness.net\/shop\/wp-content\/uploads\/2024\/10\/Preserved-Flowers-Bouquet-Purple-Forever-Flowers-with-Eternal-Roses-Purple.jpg\",\"contentUrl\":\"https:\/\/www.womenfitness.net\/shop\/wp-content\/uploads\/2024\/10\/Preserved-Flowers-Bouquet-Purple-Forever-Flowers-with-Eternal-Roses-Purple.jpg\",\"width\":569,\"height\":569,\"caption\":\"Preserved Flowers Bouquet - Purple Forever Flowers with Eternal Roses & Purple\"},{\"@type\":\"BreadcrumbList\",\"@id\":\"https:\/\/www.womenfitness.net\/shop\/product\/preserved-flowers-bouquet-purple-forever-flowers-with-eternal-roses-purple\/#breadcrumb\",\"itemListElement\":[{\"@type\":\"ListItem\",\"position\":1,\"name\":\"Home\",\"item\":\"https:\/\/www.womenfitness.net\/shop\/\"},{\"@type\":\"ListItem\",\"position\":2,\"name\":\"Shop\",\"item\":\"https:\/\/www.womenfitness.net\/shop\/\"},{\"@type\":\"ListItem\",\"position\":3,\"name\":\"Preserved Flowers Bouquet...\"}]},{\"@type\":\"WebSite\",\"@id\":\"https:\/\/www.womenfitness.net\/shop\/#website\",\"url\":\"https:\/\/www.womenfitness.net\/shop\/\",\"name\":\"WF Shopping\",\"description\":\"An exhaustive resource of Women Fitness and Health\",\"potentialAction\":[{\"@type\":\"SearchAction\",\"target\":{\"@type\":\"EntryPoint\",\"urlTemplate\":\"https:\/\/www.womenfitness.net\/shop\/?s={search_term_string}\"},\"query-input\":\"required name=search_term_string\"}],\"inLanguage\":\"en-US\"}]}<\/script>\n<!-- \/ Yoast SEO plugin. -->","yoast_head_json":{"title":"Preserved Flowers Bouquet - Purple Forever Flowers with Eternal Roses & Purple - WF Shopping","description":"Preserved Flowers Bouquet - Purple Forever Flowers with Eternal Roses & Purple Hydrangea, Flowers for Delivery Prime, Gifts for Women Birthday Unique.","robots":{"index":"index","follow":"follow","max-snippet":"max-snippet:-1","max-image-preview":"max-image-preview:large","max-video-preview":"max-video-preview:-1"},"canonical":"https:\/\/www.womenfitness.net\/shop\/product\/preserved-flowers-bouquet-purple-forever-flowers-with-eternal-roses-purple\/","og_locale":"en_US","og_type":"article","og_title":"Preserved Flowers Bouquet - Purple Forever Flowers with Eternal Roses & Purple - WF Shopping","og_description":"Preserved Flowers Bouquet - Purple Forever Flowers with Eternal Roses & Purple Hydrangea, Flowers for Delivery Prime, Gifts for Women Birthday Unique.","og_url":"https:\/\/www.womenfitness.net\/shop\/product\/preserved-flowers-bouquet-purple-forever-flowers-with-eternal-roses-purple\/","og_site_name":"WF Shopping","og_image":[{"width":569,"height":569,"url":"https:\/\/www.womenfitness.net\/shop\/wp-content\/uploads\/2024\/10\/Preserved-Flowers-Bouquet-Purple-Forever-Flowers-with-Eternal-Roses-Purple.jpg","type":"image\/jpeg"}],"twitter_card":"summary_large_image","twitter_misc":{"Est. reading time":"2 minutes"},"schema":{"@context":"https:\/\/schema.org","@graph":[{"@type":"WebPage","@id":"https:\/\/www.womenfitness.net\/shop\/product\/preserved-flowers-bouquet-purple-forever-flowers-with-eternal-roses-purple\/","url":"https:\/\/www.womenfitness.net\/shop\/product\/preserved-flowers-bouquet-purple-forever-flowers-with-eternal-roses-purple\/","name":"Preserved Flowers Bouquet - Purple Forever Flowers with Eternal Roses & Purple - WF Shopping","isPartOf":{"@id":"https:\/\/www.womenfitness.net\/shop\/#website"},"primaryImageOfPage":{"@id":"https:\/\/www.womenfitness.net\/shop\/product\/preserved-flowers-bouquet-purple-forever-flowers-with-eternal-roses-purple\/#primaryimage"},"image":{"@id":"https:\/\/www.womenfitness.net\/shop\/product\/preserved-flowers-bouquet-purple-forever-flowers-with-eternal-roses-purple\/#primaryimage"},"thumbnailUrl":"https:\/\/www.womenfitness.net\/shop\/wp-content\/uploads\/2024\/10\/Preserved-Flowers-Bouquet-Purple-Forever-Flowers-with-Eternal-Roses-Purple.jpg","datePublished":"2024-10-07T12:11:51+00:00","dateModified":"2024-10-07T12:11:51+00:00","description":"Preserved Flowers Bouquet - Purple Forever Flowers with Eternal Roses & Purple Hydrangea, Flowers for Delivery Prime, Gifts for Women Birthday Unique.","breadcrumb":{"@id":"https:\/\/www.womenfitness.net\/shop\/product\/preserved-flowers-bouquet-purple-forever-flowers-with-eternal-roses-purple\/#breadcrumb"},"inLanguage":"en-US","potentialAction":[{"@type":"ReadAction","target":["https:\/\/www.womenfitness.net\/shop\/product\/preserved-flowers-bouquet-purple-forever-flowers-with-eternal-roses-purple\/"]}]},{"@type":"ImageObject","inLanguage":"en-US","@id":"https:\/\/www.womenfitness.net\/shop\/product\/preserved-flowers-bouquet-purple-forever-flowers-with-eternal-roses-purple\/#primaryimage","url":"https:\/\/www.womenfitness.net\/shop\/wp-content\/uploads\/2024\/10\/Preserved-Flowers-Bouquet-Purple-Forever-Flowers-with-Eternal-Roses-Purple.jpg","contentUrl":"https:\/\/www.womenfitness.net\/shop\/wp-content\/uploads\/2024\/10\/Preserved-Flowers-Bouquet-Purple-Forever-Flowers-with-Eternal-Roses-Purple.jpg","width":569,"height":569,"caption":"Preserved Flowers Bouquet - Purple Forever Flowers with Eternal Roses & Purple"},{"@type":"BreadcrumbList","@id":"https:\/\/www.womenfitness.net\/shop\/product\/preserved-flowers-bouquet-purple-forever-flowers-with-eternal-roses-purple\/#breadcrumb","itemListElement":[{"@type":"ListItem","position":1,"name":"Home","item":"https:\/\/www.womenfitness.net\/shop\/"},{"@type":"ListItem","position":2,"name":"Shop","item":"https:\/\/www.womenfitness.net\/shop\/"},{"@type":"ListItem","position":3,"name":"Preserved Flowers Bouquet..."}]},{"@type":"WebSite","@id":"https:\/\/www.womenfitness.net\/shop\/#website","url":"https:\/\/www.womenfitness.net\/shop\/","name":"WF Shopping","description":"An exhaustive resource of Women Fitness and Health","potentialAction":[{"@type":"SearchAction","target":{"@type":"EntryPoint","urlTemplate":"https:\/\/www.womenfitness.net\/shop\/?s={search_term_string}"},"query-input":"required name=search_term_string"}],"inLanguage":"en-US"}]}},"_links":{"self":[{"href":"https:\/\/www.womenfitness.net\/shop\/wp-json\/wp\/v2\/product\/54142"}],"collection":[{"href":"https:\/\/www.womenfitness.net\/shop\/wp-json\/wp\/v2\/product"}],"about":[{"href":"https:\/\/www.womenfitness.net\/shop\/wp-json\/wp\/v2\/types\/product"}],"replies":[{"embeddable":true,"href":"https:\/\/www.womenfitness.net\/shop\/wp-json\/wp\/v2\/comments?post=54142"}],"wp:featuredmedia":[{"embeddable":true,"href":"https:\/\/www.womenfitness.net\/shop\/wp-json\/wp\/v2\/media\/54143"}],"wp:attachment":[{"href":"https:\/\/www.womenfitness.net\/shop\/wp-json\/wp\/v2\/media?parent=54142"}],"wp:term":[{"taxonomy":"product_cat","embeddable":true,"href":"https:\/\/www.womenfitness.net\/shop\/wp-json\/wp\/v2\/product_cat?post=54142"},{"taxonomy":"product_tag","embeddable":true,"href":"https:\/\/www.womenfitness.net\/shop\/wp-json\/wp\/v2\/product_tag?post=54142"}],"curies":[{"name":"wp","href":"https:\/\/api.w.org\/{rel}","templated":true}]}}