{"id":54463,"date":"2024-10-16T10:37:09","date_gmt":"2024-10-16T05:07:09","guid":{"rendered":"https:\/\/www.womenfitness.net\/shop\/?post_type=product&#038;p=54463"},"modified":"2024-10-16T10:37:09","modified_gmt":"2024-10-16T05:07:09","slug":"beige-flowers-artificial-eucalyptus-fake-mums-long-stem-flowers-tan-nude-cream-neutral-flowers-for-decorations","status":"publish","type":"product","link":"https:\/\/www.womenfitness.net\/shop\/product\/beige-flowers-artificial-eucalyptus-fake-mums-long-stem-flowers-tan-nude-cream-neutral-flowers-for-decorations\/","title":{"rendered":"Beige Flowers Artificial ..."},"content":{"rendered":"<h3 class=\"a-size-base-plus a-text-bold\">About this item<\/h3>\n<hr \/>\n<ul class=\"a-unordered-list a-vertical a-spacing-mini\">\n<li class=\"a-spacing-mini\"><span class=\"a-list-item\">Perfect for Beige Decor &#8211; Our kiku flower arrangement in beige complete with 10 tall stems with 50 small mum balls and 18 eucalyptus fake stems is your perfect choice of aesthetic beige home decor. Each of these faux kiku stems measures 53cm\/21inches long and the light gold eucalyptus are 60cm\/23.6inch tall which makes perfect artificial flower arrangement.<\/span><\/li>\n<li class=\"a-spacing-mini\"><span class=\"a-list-item\">Small Flower Balls For Centerpieces &#8211; Elevate your boho decor with the stylish pom pom flowers. These silk flowers bulk are your ideal choice for table enterpieces in the dining area living space or for entryway &amp; office decor.plicity it serves as an ideal complement to your modern home decor.<\/span><\/li>\n<li class=\"a-spacing-mini\"><span class=\"a-list-item\">Faux+mums Flowers With Stems &#8211; Our silk mum flowers with long stems and eucalyptus are ideal for modern or rustic vases either as flower picks or on their own. They offer a long lasting low maintainenance alternative to live plants and flowers to make your home beautiful.<\/span><\/li>\n<li class=\"a-spacing-mini\"><span class=\"a-list-item\">Small Beig Flowers: The artificial flower arrangement is a convincing counterpart to fresh flowers tailored to enhance dining tables coffee tables entryway or any space that needs a breath of life. The added silk flower stems act as an authentic filler elevating the bouquet&#8217;s overall aesthetic.<\/span><\/li>\n<li class=\"a-spacing-mini\"><span class=\"a-list-item\">Flores Artificiales Para Decoracion &#8211; Explora nuestra selecci\u00f3n que incluye mini flores artificiales para decoraci\u00f3n perfectas para detalles sutiles y espigas de flores modernas para dar un toque contempor\u00e1neo a cualquier rinc\u00f3n. Con tallos robustos dise\u00f1ados para una f\u00e1cil manipulaci\u00f3n y versatilidad estas flores artificiales son ideales para crear ambientes personalizados y llenos de estilo en cualquier ocasi\u00f3n.<\/span><\/li>\n<\/ul>\n","protected":false},"excerpt":{"rendered":"<p><strong>Beige Flowers Artificial + Eucalyptus, Fake Mums Long Stem Flowers, Tan Nude Cream Neutral Flowers For Decorations, Pom Pom Faux Kiku Flower bulk, silk flowers Mini Chrysanthemum Floral Arrangements<\/strong><\/p>\n<hr \/>\n<p>Brand : RyddeligHome<br \/>\nPlant or Animal Product Type : Chrysanthemum<br \/>\nColor : Beige<br \/>\nMaterial : Silk<br \/>\nProduct Dimensions : 15&#8243;D x 23&#8243;W x 15&#8243;H<\/p>\n","protected":false},"featured_media":54464,"comment_status":"closed","ping_status":"closed","template":"","meta":{"_genesis_hide_title":false,"_genesis_hide_breadcrumbs":false,"_genesis_hide_singular_image":false,"_genesis_hide_footer_widgets":false,"_genesis_custom_body_class":"","_genesis_custom_post_class":"","_genesis_layout":""},"product_cat":[88],"product_tag":[],"yoast_head":"<!-- This site is optimized with the Yoast SEO plugin v22.8 - https:\/\/yoast.com\/wordpress\/plugins\/seo\/ -->\n<title>Beige Flowers Artificial + Eucalyptus, Fake Mums Long Stem Flowers, Tan Nude Cream Neutral Flowers For Decorations - WF Shopping<\/title>\n<meta name=\"description\" content=\"Beige Flowers Artificial + Eucalyptus, Fake Mums Long Stem Flowers, Tan Nude Cream Neutral Flowers For Decorations, Pom Pom Faux Kiku Flower bulk\" \/>\n<meta name=\"robots\" content=\"index, follow, max-snippet:-1, max-image-preview:large, max-video-preview:-1\" \/>\n<link rel=\"canonical\" href=\"https:\/\/www.womenfitness.net\/shop\/product\/beige-flowers-artificial-eucalyptus-fake-mums-long-stem-flowers-tan-nude-cream-neutral-flowers-for-decorations\/\" \/>\n<meta property=\"og:locale\" content=\"en_US\" \/>\n<meta property=\"og:type\" content=\"article\" \/>\n<meta property=\"og:title\" content=\"Beige Flowers Artificial + Eucalyptus, Fake Mums Long Stem Flowers, Tan Nude Cream Neutral Flowers For Decorations - WF Shopping\" \/>\n<meta property=\"og:description\" content=\"Beige Flowers Artificial + Eucalyptus, Fake Mums Long Stem Flowers, Tan Nude Cream Neutral Flowers For Decorations, Pom Pom Faux Kiku Flower bulk\" \/>\n<meta property=\"og:url\" content=\"https:\/\/www.womenfitness.net\/shop\/product\/beige-flowers-artificial-eucalyptus-fake-mums-long-stem-flowers-tan-nude-cream-neutral-flowers-for-decorations\/\" \/>\n<meta property=\"og:site_name\" content=\"WF Shopping\" \/>\n<meta property=\"og:image\" content=\"https:\/\/www.womenfitness.net\/shop\/wp-content\/uploads\/2024\/10\/Beige-Flowers-Artificial-Eucalyptus-Fake-Mums-Long-Stem-Flowers-Tan-Nude-Cream-Neutral-Flowers-For-Decorations.jpg\" \/>\n\t<meta property=\"og:image:width\" content=\"569\" \/>\n\t<meta property=\"og:image:height\" content=\"569\" \/>\n\t<meta property=\"og:image:type\" content=\"image\/jpeg\" \/>\n<meta name=\"twitter:card\" content=\"summary_large_image\" \/>\n<meta name=\"twitter:label1\" content=\"Est. reading time\" \/>\n\t<meta name=\"twitter:data1\" content=\"2 minutes\" \/>\n<script type=\"application\/ld+json\" class=\"yoast-schema-graph\">{\"@context\":\"https:\/\/schema.org\",\"@graph\":[{\"@type\":\"WebPage\",\"@id\":\"https:\/\/www.womenfitness.net\/shop\/product\/beige-flowers-artificial-eucalyptus-fake-mums-long-stem-flowers-tan-nude-cream-neutral-flowers-for-decorations\/\",\"url\":\"https:\/\/www.womenfitness.net\/shop\/product\/beige-flowers-artificial-eucalyptus-fake-mums-long-stem-flowers-tan-nude-cream-neutral-flowers-for-decorations\/\",\"name\":\"Beige Flowers Artificial + Eucalyptus, Fake Mums Long Stem Flowers, Tan Nude Cream Neutral Flowers For Decorations - WF Shopping\",\"isPartOf\":{\"@id\":\"https:\/\/www.womenfitness.net\/shop\/#website\"},\"primaryImageOfPage\":{\"@id\":\"https:\/\/www.womenfitness.net\/shop\/product\/beige-flowers-artificial-eucalyptus-fake-mums-long-stem-flowers-tan-nude-cream-neutral-flowers-for-decorations\/#primaryimage\"},\"image\":{\"@id\":\"https:\/\/www.womenfitness.net\/shop\/product\/beige-flowers-artificial-eucalyptus-fake-mums-long-stem-flowers-tan-nude-cream-neutral-flowers-for-decorations\/#primaryimage\"},\"thumbnailUrl\":\"https:\/\/www.womenfitness.net\/shop\/wp-content\/uploads\/2024\/10\/Beige-Flowers-Artificial-Eucalyptus-Fake-Mums-Long-Stem-Flowers-Tan-Nude-Cream-Neutral-Flowers-For-Decorations.jpg\",\"datePublished\":\"2024-10-16T05:07:09+00:00\",\"dateModified\":\"2024-10-16T05:07:09+00:00\",\"description\":\"Beige Flowers Artificial + Eucalyptus, Fake Mums Long Stem Flowers, Tan Nude Cream Neutral Flowers For Decorations, Pom Pom Faux Kiku Flower bulk\",\"breadcrumb\":{\"@id\":\"https:\/\/www.womenfitness.net\/shop\/product\/beige-flowers-artificial-eucalyptus-fake-mums-long-stem-flowers-tan-nude-cream-neutral-flowers-for-decorations\/#breadcrumb\"},\"inLanguage\":\"en-US\",\"potentialAction\":[{\"@type\":\"ReadAction\",\"target\":[\"https:\/\/www.womenfitness.net\/shop\/product\/beige-flowers-artificial-eucalyptus-fake-mums-long-stem-flowers-tan-nude-cream-neutral-flowers-for-decorations\/\"]}]},{\"@type\":\"ImageObject\",\"inLanguage\":\"en-US\",\"@id\":\"https:\/\/www.womenfitness.net\/shop\/product\/beige-flowers-artificial-eucalyptus-fake-mums-long-stem-flowers-tan-nude-cream-neutral-flowers-for-decorations\/#primaryimage\",\"url\":\"https:\/\/www.womenfitness.net\/shop\/wp-content\/uploads\/2024\/10\/Beige-Flowers-Artificial-Eucalyptus-Fake-Mums-Long-Stem-Flowers-Tan-Nude-Cream-Neutral-Flowers-For-Decorations.jpg\",\"contentUrl\":\"https:\/\/www.womenfitness.net\/shop\/wp-content\/uploads\/2024\/10\/Beige-Flowers-Artificial-Eucalyptus-Fake-Mums-Long-Stem-Flowers-Tan-Nude-Cream-Neutral-Flowers-For-Decorations.jpg\",\"width\":569,\"height\":569,\"caption\":\"Beige Flowers Artificial + Eucalyptus, Fake Mums Long Stem Flowers, Tan Nude Cream Neutral Flowers For Decorations\"},{\"@type\":\"BreadcrumbList\",\"@id\":\"https:\/\/www.womenfitness.net\/shop\/product\/beige-flowers-artificial-eucalyptus-fake-mums-long-stem-flowers-tan-nude-cream-neutral-flowers-for-decorations\/#breadcrumb\",\"itemListElement\":[{\"@type\":\"ListItem\",\"position\":1,\"name\":\"Home\",\"item\":\"https:\/\/www.womenfitness.net\/shop\/\"},{\"@type\":\"ListItem\",\"position\":2,\"name\":\"Shop\",\"item\":\"https:\/\/www.womenfitness.net\/shop\/\"},{\"@type\":\"ListItem\",\"position\":3,\"name\":\"Beige Flowers Artificial ...\"}]},{\"@type\":\"WebSite\",\"@id\":\"https:\/\/www.womenfitness.net\/shop\/#website\",\"url\":\"https:\/\/www.womenfitness.net\/shop\/\",\"name\":\"WF Shopping\",\"description\":\"An exhaustive resource of Women Fitness and Health\",\"potentialAction\":[{\"@type\":\"SearchAction\",\"target\":{\"@type\":\"EntryPoint\",\"urlTemplate\":\"https:\/\/www.womenfitness.net\/shop\/?s={search_term_string}\"},\"query-input\":\"required name=search_term_string\"}],\"inLanguage\":\"en-US\"}]}<\/script>\n<!-- \/ Yoast SEO plugin. -->","yoast_head_json":{"title":"Beige Flowers Artificial + Eucalyptus, Fake Mums Long Stem Flowers, Tan Nude Cream Neutral Flowers For Decorations - WF Shopping","description":"Beige Flowers Artificial + Eucalyptus, Fake Mums Long Stem Flowers, Tan Nude Cream Neutral Flowers For Decorations, Pom Pom Faux Kiku Flower bulk","robots":{"index":"index","follow":"follow","max-snippet":"max-snippet:-1","max-image-preview":"max-image-preview:large","max-video-preview":"max-video-preview:-1"},"canonical":"https:\/\/www.womenfitness.net\/shop\/product\/beige-flowers-artificial-eucalyptus-fake-mums-long-stem-flowers-tan-nude-cream-neutral-flowers-for-decorations\/","og_locale":"en_US","og_type":"article","og_title":"Beige Flowers Artificial + Eucalyptus, Fake Mums Long Stem Flowers, Tan Nude Cream Neutral Flowers For Decorations - WF Shopping","og_description":"Beige Flowers Artificial + Eucalyptus, Fake Mums Long Stem Flowers, Tan Nude Cream Neutral Flowers For Decorations, Pom Pom Faux Kiku Flower bulk","og_url":"https:\/\/www.womenfitness.net\/shop\/product\/beige-flowers-artificial-eucalyptus-fake-mums-long-stem-flowers-tan-nude-cream-neutral-flowers-for-decorations\/","og_site_name":"WF Shopping","og_image":[{"width":569,"height":569,"url":"https:\/\/www.womenfitness.net\/shop\/wp-content\/uploads\/2024\/10\/Beige-Flowers-Artificial-Eucalyptus-Fake-Mums-Long-Stem-Flowers-Tan-Nude-Cream-Neutral-Flowers-For-Decorations.jpg","type":"image\/jpeg"}],"twitter_card":"summary_large_image","twitter_misc":{"Est. reading time":"2 minutes"},"schema":{"@context":"https:\/\/schema.org","@graph":[{"@type":"WebPage","@id":"https:\/\/www.womenfitness.net\/shop\/product\/beige-flowers-artificial-eucalyptus-fake-mums-long-stem-flowers-tan-nude-cream-neutral-flowers-for-decorations\/","url":"https:\/\/www.womenfitness.net\/shop\/product\/beige-flowers-artificial-eucalyptus-fake-mums-long-stem-flowers-tan-nude-cream-neutral-flowers-for-decorations\/","name":"Beige Flowers Artificial + Eucalyptus, Fake Mums Long Stem Flowers, Tan Nude Cream Neutral Flowers For Decorations - WF Shopping","isPartOf":{"@id":"https:\/\/www.womenfitness.net\/shop\/#website"},"primaryImageOfPage":{"@id":"https:\/\/www.womenfitness.net\/shop\/product\/beige-flowers-artificial-eucalyptus-fake-mums-long-stem-flowers-tan-nude-cream-neutral-flowers-for-decorations\/#primaryimage"},"image":{"@id":"https:\/\/www.womenfitness.net\/shop\/product\/beige-flowers-artificial-eucalyptus-fake-mums-long-stem-flowers-tan-nude-cream-neutral-flowers-for-decorations\/#primaryimage"},"thumbnailUrl":"https:\/\/www.womenfitness.net\/shop\/wp-content\/uploads\/2024\/10\/Beige-Flowers-Artificial-Eucalyptus-Fake-Mums-Long-Stem-Flowers-Tan-Nude-Cream-Neutral-Flowers-For-Decorations.jpg","datePublished":"2024-10-16T05:07:09+00:00","dateModified":"2024-10-16T05:07:09+00:00","description":"Beige Flowers Artificial + Eucalyptus, Fake Mums Long Stem Flowers, Tan Nude Cream Neutral Flowers For Decorations, Pom Pom Faux Kiku Flower bulk","breadcrumb":{"@id":"https:\/\/www.womenfitness.net\/shop\/product\/beige-flowers-artificial-eucalyptus-fake-mums-long-stem-flowers-tan-nude-cream-neutral-flowers-for-decorations\/#breadcrumb"},"inLanguage":"en-US","potentialAction":[{"@type":"ReadAction","target":["https:\/\/www.womenfitness.net\/shop\/product\/beige-flowers-artificial-eucalyptus-fake-mums-long-stem-flowers-tan-nude-cream-neutral-flowers-for-decorations\/"]}]},{"@type":"ImageObject","inLanguage":"en-US","@id":"https:\/\/www.womenfitness.net\/shop\/product\/beige-flowers-artificial-eucalyptus-fake-mums-long-stem-flowers-tan-nude-cream-neutral-flowers-for-decorations\/#primaryimage","url":"https:\/\/www.womenfitness.net\/shop\/wp-content\/uploads\/2024\/10\/Beige-Flowers-Artificial-Eucalyptus-Fake-Mums-Long-Stem-Flowers-Tan-Nude-Cream-Neutral-Flowers-For-Decorations.jpg","contentUrl":"https:\/\/www.womenfitness.net\/shop\/wp-content\/uploads\/2024\/10\/Beige-Flowers-Artificial-Eucalyptus-Fake-Mums-Long-Stem-Flowers-Tan-Nude-Cream-Neutral-Flowers-For-Decorations.jpg","width":569,"height":569,"caption":"Beige Flowers Artificial + Eucalyptus, Fake Mums Long Stem Flowers, Tan Nude Cream Neutral Flowers For Decorations"},{"@type":"BreadcrumbList","@id":"https:\/\/www.womenfitness.net\/shop\/product\/beige-flowers-artificial-eucalyptus-fake-mums-long-stem-flowers-tan-nude-cream-neutral-flowers-for-decorations\/#breadcrumb","itemListElement":[{"@type":"ListItem","position":1,"name":"Home","item":"https:\/\/www.womenfitness.net\/shop\/"},{"@type":"ListItem","position":2,"name":"Shop","item":"https:\/\/www.womenfitness.net\/shop\/"},{"@type":"ListItem","position":3,"name":"Beige Flowers Artificial ..."}]},{"@type":"WebSite","@id":"https:\/\/www.womenfitness.net\/shop\/#website","url":"https:\/\/www.womenfitness.net\/shop\/","name":"WF Shopping","description":"An exhaustive resource of Women Fitness and Health","potentialAction":[{"@type":"SearchAction","target":{"@type":"EntryPoint","urlTemplate":"https:\/\/www.womenfitness.net\/shop\/?s={search_term_string}"},"query-input":"required name=search_term_string"}],"inLanguage":"en-US"}]}},"_links":{"self":[{"href":"https:\/\/www.womenfitness.net\/shop\/wp-json\/wp\/v2\/product\/54463"}],"collection":[{"href":"https:\/\/www.womenfitness.net\/shop\/wp-json\/wp\/v2\/product"}],"about":[{"href":"https:\/\/www.womenfitness.net\/shop\/wp-json\/wp\/v2\/types\/product"}],"replies":[{"embeddable":true,"href":"https:\/\/www.womenfitness.net\/shop\/wp-json\/wp\/v2\/comments?post=54463"}],"wp:featuredmedia":[{"embeddable":true,"href":"https:\/\/www.womenfitness.net\/shop\/wp-json\/wp\/v2\/media\/54464"}],"wp:attachment":[{"href":"https:\/\/www.womenfitness.net\/shop\/wp-json\/wp\/v2\/media?parent=54463"}],"wp:term":[{"taxonomy":"product_cat","embeddable":true,"href":"https:\/\/www.womenfitness.net\/shop\/wp-json\/wp\/v2\/product_cat?post=54463"},{"taxonomy":"product_tag","embeddable":true,"href":"https:\/\/www.womenfitness.net\/shop\/wp-json\/wp\/v2\/product_tag?post=54463"}],"curies":[{"name":"wp","href":"https:\/\/api.w.org\/{rel}","templated":true}]}}