{"id":54486,"date":"2024-10-16T14:38:00","date_gmt":"2024-10-16T09:08:00","guid":{"rendered":"https:\/\/www.womenfitness.net\/shop\/?post_type=product&#038;p=54486"},"modified":"2024-10-16T14:38:00","modified_gmt":"2024-10-16T09:08:00","slug":"seeko-succulents-artificial-succulents-in-ceramic-pots-3-set-realistic-beautiful-fake-succulents-for-desk","status":"publish","type":"product","link":"https:\/\/www.womenfitness.net\/shop\/product\/seeko-succulents-artificial-succulents-in-ceramic-pots-3-set-realistic-beautiful-fake-succulents-for-desk\/","title":{"rendered":"SEEKO Succulents Artifici..."},"content":{"rendered":"<h3 class=\"a-size-base-plus a-text-bold\">About this item<\/h3>\n<hr \/>\n<ul class=\"a-unordered-list a-vertical a-spacing-mini\">\n<li class=\"a-spacing-mini\"><span class=\"a-list-item\">REALISTIC FAUX SUCCULENTS \u2013 Don\u2019t have a green thumb? No worries. SEEKO\u2019s 3-pack of hyper-realistic faux succulents looks &amp; feels like the real thing. No water, sunlight, or crafting is needed to maintain these decorative plants!<\/span><\/li>\n<li class=\"a-spacing-mini\"><span class=\"a-list-item\">THE PERFECT SIZE \u2013 These potted artificial succulents have a realistic size of 4.5 x 3.5 inches making them the perfect addition to any space. Keep them together on a table or spread them out on a shelf. Wherever you place them, these d\u00e9cor plants add just the right touch.<\/span><\/li>\n<li class=\"a-spacing-mini\"><span class=\"a-list-item\">ACCENTS ANY DECOR \u2013 All of our faux plants are sized, styled, and colorized to add life and warmth to any room. Whether your style is modern, rustic, boho, or contemporary, green goes with everything. Perfect for your office as desk plants or bathroom accents, the modern cement grey ceramic pots will match any style.<\/span><\/li>\n<li class=\"a-spacing-mini\"><span class=\"a-list-item\">VERSATILE \u2013 Combine these small succulent plants with other decorative house plants to add greenery and enhance your room\u2019s aesthetic. No matter what your style is, add a natural look to your space with these extremely life-like potted succulent plants.<\/span><\/li>\n<\/ul>\n","protected":false},"excerpt":{"rendered":"<p class=\"a-size-large a-spacing-none\"><strong><span id=\"productTitle\" class=\"a-size-large product-title-word-break\">SEEKO Succulents Artificial Succulents in Ceramic Pots (3 Set) Realistic &amp; Beautiful Fake Succulents for Desk D\u00e9cor, Office Plants, Bathroom Shelf D\u00e9cor, Table D\u00e9cor (Black)<\/span><\/strong><\/p>\n<hr \/>\n<p id=\"title\" class=\"a-size-large a-spacing-none\">Brand : SEEKO Succulents<br \/>\nPlant or Animal Product Type : Artificial Decor<br \/>\nColor : Black<br \/>\nMaterial : Artificial Decor<br \/>\nProduct Dimensions : 5.12&#8243;D x 5.52&#8243;W x 12.8&#8243;H<\/p>\n","protected":false},"featured_media":54487,"comment_status":"closed","ping_status":"closed","template":"","meta":{"_genesis_hide_title":false,"_genesis_hide_breadcrumbs":false,"_genesis_hide_singular_image":false,"_genesis_hide_footer_widgets":false,"_genesis_custom_body_class":"","_genesis_custom_post_class":"","_genesis_layout":""},"product_cat":[88],"product_tag":[],"yoast_head":"<!-- This site is optimized with the Yoast SEO plugin v22.8 - https:\/\/yoast.com\/wordpress\/plugins\/seo\/ -->\n<title>SEEKO Succulents Artificial Succulents in Ceramic Pots (3 Set) Realistic &amp; Beautiful Fake Succulents for Desk - WF Shopping<\/title>\n<meta name=\"description\" content=\"SEEKO Succulents Artificial Succulents in Ceramic Pots (3 Set) Realistic &amp; Beautiful Fake Succulents for Desk D\u00e9cor, Office Plants, Bathroom Shelf D\u00e9cor\" \/>\n<meta name=\"robots\" content=\"index, follow, max-snippet:-1, max-image-preview:large, max-video-preview:-1\" \/>\n<link rel=\"canonical\" href=\"https:\/\/www.womenfitness.net\/shop\/product\/seeko-succulents-artificial-succulents-in-ceramic-pots-3-set-realistic-beautiful-fake-succulents-for-desk\/\" \/>\n<meta property=\"og:locale\" content=\"en_US\" \/>\n<meta property=\"og:type\" content=\"article\" \/>\n<meta property=\"og:title\" content=\"SEEKO Succulents Artificial Succulents in Ceramic Pots (3 Set) Realistic &amp; Beautiful Fake Succulents for Desk - WF Shopping\" \/>\n<meta property=\"og:description\" content=\"SEEKO Succulents Artificial Succulents in Ceramic Pots (3 Set) Realistic &amp; Beautiful Fake Succulents for Desk D\u00e9cor, Office Plants, Bathroom Shelf D\u00e9cor\" \/>\n<meta property=\"og:url\" content=\"https:\/\/www.womenfitness.net\/shop\/product\/seeko-succulents-artificial-succulents-in-ceramic-pots-3-set-realistic-beautiful-fake-succulents-for-desk\/\" \/>\n<meta property=\"og:site_name\" content=\"WF Shopping\" \/>\n<meta property=\"og:image\" content=\"https:\/\/www.womenfitness.net\/shop\/wp-content\/uploads\/2024\/10\/SEEKO-Succulents-Artificial-Succulents-in-Ceramic-Pots-3-Set-Realistic-Beautiful-Fake-Succulents-for-Desk.jpg\" \/>\n\t<meta property=\"og:image:width\" content=\"569\" \/>\n\t<meta property=\"og:image:height\" content=\"569\" \/>\n\t<meta property=\"og:image:type\" content=\"image\/jpeg\" \/>\n<meta name=\"twitter:card\" content=\"summary_large_image\" \/>\n<meta name=\"twitter:label1\" content=\"Est. reading time\" \/>\n\t<meta name=\"twitter:data1\" content=\"1 minute\" \/>\n<script type=\"application\/ld+json\" class=\"yoast-schema-graph\">{\"@context\":\"https:\/\/schema.org\",\"@graph\":[{\"@type\":\"WebPage\",\"@id\":\"https:\/\/www.womenfitness.net\/shop\/product\/seeko-succulents-artificial-succulents-in-ceramic-pots-3-set-realistic-beautiful-fake-succulents-for-desk\/\",\"url\":\"https:\/\/www.womenfitness.net\/shop\/product\/seeko-succulents-artificial-succulents-in-ceramic-pots-3-set-realistic-beautiful-fake-succulents-for-desk\/\",\"name\":\"SEEKO Succulents Artificial Succulents in Ceramic Pots (3 Set) Realistic & Beautiful Fake Succulents for Desk - WF Shopping\",\"isPartOf\":{\"@id\":\"https:\/\/www.womenfitness.net\/shop\/#website\"},\"primaryImageOfPage\":{\"@id\":\"https:\/\/www.womenfitness.net\/shop\/product\/seeko-succulents-artificial-succulents-in-ceramic-pots-3-set-realistic-beautiful-fake-succulents-for-desk\/#primaryimage\"},\"image\":{\"@id\":\"https:\/\/www.womenfitness.net\/shop\/product\/seeko-succulents-artificial-succulents-in-ceramic-pots-3-set-realistic-beautiful-fake-succulents-for-desk\/#primaryimage\"},\"thumbnailUrl\":\"https:\/\/www.womenfitness.net\/shop\/wp-content\/uploads\/2024\/10\/SEEKO-Succulents-Artificial-Succulents-in-Ceramic-Pots-3-Set-Realistic-Beautiful-Fake-Succulents-for-Desk.jpg\",\"datePublished\":\"2024-10-16T09:08:00+00:00\",\"dateModified\":\"2024-10-16T09:08:00+00:00\",\"description\":\"SEEKO Succulents Artificial Succulents in Ceramic Pots (3 Set) Realistic & Beautiful Fake Succulents for Desk D\u00e9cor, Office Plants, Bathroom Shelf D\u00e9cor\",\"breadcrumb\":{\"@id\":\"https:\/\/www.womenfitness.net\/shop\/product\/seeko-succulents-artificial-succulents-in-ceramic-pots-3-set-realistic-beautiful-fake-succulents-for-desk\/#breadcrumb\"},\"inLanguage\":\"en-US\",\"potentialAction\":[{\"@type\":\"ReadAction\",\"target\":[\"https:\/\/www.womenfitness.net\/shop\/product\/seeko-succulents-artificial-succulents-in-ceramic-pots-3-set-realistic-beautiful-fake-succulents-for-desk\/\"]}]},{\"@type\":\"ImageObject\",\"inLanguage\":\"en-US\",\"@id\":\"https:\/\/www.womenfitness.net\/shop\/product\/seeko-succulents-artificial-succulents-in-ceramic-pots-3-set-realistic-beautiful-fake-succulents-for-desk\/#primaryimage\",\"url\":\"https:\/\/www.womenfitness.net\/shop\/wp-content\/uploads\/2024\/10\/SEEKO-Succulents-Artificial-Succulents-in-Ceramic-Pots-3-Set-Realistic-Beautiful-Fake-Succulents-for-Desk.jpg\",\"contentUrl\":\"https:\/\/www.womenfitness.net\/shop\/wp-content\/uploads\/2024\/10\/SEEKO-Succulents-Artificial-Succulents-in-Ceramic-Pots-3-Set-Realistic-Beautiful-Fake-Succulents-for-Desk.jpg\",\"width\":569,\"height\":569,\"caption\":\"SEEKO Succulents Artificial Succulents in Ceramic Pots (3 Set) Realistic & Beautiful Fake Succulents for Desk\"},{\"@type\":\"BreadcrumbList\",\"@id\":\"https:\/\/www.womenfitness.net\/shop\/product\/seeko-succulents-artificial-succulents-in-ceramic-pots-3-set-realistic-beautiful-fake-succulents-for-desk\/#breadcrumb\",\"itemListElement\":[{\"@type\":\"ListItem\",\"position\":1,\"name\":\"Home\",\"item\":\"https:\/\/www.womenfitness.net\/shop\/\"},{\"@type\":\"ListItem\",\"position\":2,\"name\":\"Shop\",\"item\":\"https:\/\/www.womenfitness.net\/shop\/\"},{\"@type\":\"ListItem\",\"position\":3,\"name\":\"SEEKO Succulents Artifici...\"}]},{\"@type\":\"WebSite\",\"@id\":\"https:\/\/www.womenfitness.net\/shop\/#website\",\"url\":\"https:\/\/www.womenfitness.net\/shop\/\",\"name\":\"WF Shopping\",\"description\":\"An exhaustive resource of Women Fitness and Health\",\"potentialAction\":[{\"@type\":\"SearchAction\",\"target\":{\"@type\":\"EntryPoint\",\"urlTemplate\":\"https:\/\/www.womenfitness.net\/shop\/?s={search_term_string}\"},\"query-input\":\"required name=search_term_string\"}],\"inLanguage\":\"en-US\"}]}<\/script>\n<!-- \/ Yoast SEO plugin. -->","yoast_head_json":{"title":"SEEKO Succulents Artificial Succulents in Ceramic Pots (3 Set) Realistic & Beautiful Fake Succulents for Desk - WF Shopping","description":"SEEKO Succulents Artificial Succulents in Ceramic Pots (3 Set) Realistic & Beautiful Fake Succulents for Desk D\u00e9cor, Office Plants, Bathroom Shelf D\u00e9cor","robots":{"index":"index","follow":"follow","max-snippet":"max-snippet:-1","max-image-preview":"max-image-preview:large","max-video-preview":"max-video-preview:-1"},"canonical":"https:\/\/www.womenfitness.net\/shop\/product\/seeko-succulents-artificial-succulents-in-ceramic-pots-3-set-realistic-beautiful-fake-succulents-for-desk\/","og_locale":"en_US","og_type":"article","og_title":"SEEKO Succulents Artificial Succulents in Ceramic Pots (3 Set) Realistic & Beautiful Fake Succulents for Desk - WF Shopping","og_description":"SEEKO Succulents Artificial Succulents in Ceramic Pots (3 Set) Realistic & Beautiful Fake Succulents for Desk D\u00e9cor, Office Plants, Bathroom Shelf D\u00e9cor","og_url":"https:\/\/www.womenfitness.net\/shop\/product\/seeko-succulents-artificial-succulents-in-ceramic-pots-3-set-realistic-beautiful-fake-succulents-for-desk\/","og_site_name":"WF Shopping","og_image":[{"width":569,"height":569,"url":"https:\/\/www.womenfitness.net\/shop\/wp-content\/uploads\/2024\/10\/SEEKO-Succulents-Artificial-Succulents-in-Ceramic-Pots-3-Set-Realistic-Beautiful-Fake-Succulents-for-Desk.jpg","type":"image\/jpeg"}],"twitter_card":"summary_large_image","twitter_misc":{"Est. reading time":"1 minute"},"schema":{"@context":"https:\/\/schema.org","@graph":[{"@type":"WebPage","@id":"https:\/\/www.womenfitness.net\/shop\/product\/seeko-succulents-artificial-succulents-in-ceramic-pots-3-set-realistic-beautiful-fake-succulents-for-desk\/","url":"https:\/\/www.womenfitness.net\/shop\/product\/seeko-succulents-artificial-succulents-in-ceramic-pots-3-set-realistic-beautiful-fake-succulents-for-desk\/","name":"SEEKO Succulents Artificial Succulents in Ceramic Pots (3 Set) Realistic & Beautiful Fake Succulents for Desk - WF Shopping","isPartOf":{"@id":"https:\/\/www.womenfitness.net\/shop\/#website"},"primaryImageOfPage":{"@id":"https:\/\/www.womenfitness.net\/shop\/product\/seeko-succulents-artificial-succulents-in-ceramic-pots-3-set-realistic-beautiful-fake-succulents-for-desk\/#primaryimage"},"image":{"@id":"https:\/\/www.womenfitness.net\/shop\/product\/seeko-succulents-artificial-succulents-in-ceramic-pots-3-set-realistic-beautiful-fake-succulents-for-desk\/#primaryimage"},"thumbnailUrl":"https:\/\/www.womenfitness.net\/shop\/wp-content\/uploads\/2024\/10\/SEEKO-Succulents-Artificial-Succulents-in-Ceramic-Pots-3-Set-Realistic-Beautiful-Fake-Succulents-for-Desk.jpg","datePublished":"2024-10-16T09:08:00+00:00","dateModified":"2024-10-16T09:08:00+00:00","description":"SEEKO Succulents Artificial Succulents in Ceramic Pots (3 Set) Realistic & Beautiful Fake Succulents for Desk D\u00e9cor, Office Plants, Bathroom Shelf D\u00e9cor","breadcrumb":{"@id":"https:\/\/www.womenfitness.net\/shop\/product\/seeko-succulents-artificial-succulents-in-ceramic-pots-3-set-realistic-beautiful-fake-succulents-for-desk\/#breadcrumb"},"inLanguage":"en-US","potentialAction":[{"@type":"ReadAction","target":["https:\/\/www.womenfitness.net\/shop\/product\/seeko-succulents-artificial-succulents-in-ceramic-pots-3-set-realistic-beautiful-fake-succulents-for-desk\/"]}]},{"@type":"ImageObject","inLanguage":"en-US","@id":"https:\/\/www.womenfitness.net\/shop\/product\/seeko-succulents-artificial-succulents-in-ceramic-pots-3-set-realistic-beautiful-fake-succulents-for-desk\/#primaryimage","url":"https:\/\/www.womenfitness.net\/shop\/wp-content\/uploads\/2024\/10\/SEEKO-Succulents-Artificial-Succulents-in-Ceramic-Pots-3-Set-Realistic-Beautiful-Fake-Succulents-for-Desk.jpg","contentUrl":"https:\/\/www.womenfitness.net\/shop\/wp-content\/uploads\/2024\/10\/SEEKO-Succulents-Artificial-Succulents-in-Ceramic-Pots-3-Set-Realistic-Beautiful-Fake-Succulents-for-Desk.jpg","width":569,"height":569,"caption":"SEEKO Succulents Artificial Succulents in Ceramic Pots (3 Set) Realistic & Beautiful Fake Succulents for Desk"},{"@type":"BreadcrumbList","@id":"https:\/\/www.womenfitness.net\/shop\/product\/seeko-succulents-artificial-succulents-in-ceramic-pots-3-set-realistic-beautiful-fake-succulents-for-desk\/#breadcrumb","itemListElement":[{"@type":"ListItem","position":1,"name":"Home","item":"https:\/\/www.womenfitness.net\/shop\/"},{"@type":"ListItem","position":2,"name":"Shop","item":"https:\/\/www.womenfitness.net\/shop\/"},{"@type":"ListItem","position":3,"name":"SEEKO Succulents Artifici..."}]},{"@type":"WebSite","@id":"https:\/\/www.womenfitness.net\/shop\/#website","url":"https:\/\/www.womenfitness.net\/shop\/","name":"WF Shopping","description":"An exhaustive resource of Women Fitness and Health","potentialAction":[{"@type":"SearchAction","target":{"@type":"EntryPoint","urlTemplate":"https:\/\/www.womenfitness.net\/shop\/?s={search_term_string}"},"query-input":"required name=search_term_string"}],"inLanguage":"en-US"}]}},"_links":{"self":[{"href":"https:\/\/www.womenfitness.net\/shop\/wp-json\/wp\/v2\/product\/54486"}],"collection":[{"href":"https:\/\/www.womenfitness.net\/shop\/wp-json\/wp\/v2\/product"}],"about":[{"href":"https:\/\/www.womenfitness.net\/shop\/wp-json\/wp\/v2\/types\/product"}],"replies":[{"embeddable":true,"href":"https:\/\/www.womenfitness.net\/shop\/wp-json\/wp\/v2\/comments?post=54486"}],"wp:featuredmedia":[{"embeddable":true,"href":"https:\/\/www.womenfitness.net\/shop\/wp-json\/wp\/v2\/media\/54487"}],"wp:attachment":[{"href":"https:\/\/www.womenfitness.net\/shop\/wp-json\/wp\/v2\/media?parent=54486"}],"wp:term":[{"taxonomy":"product_cat","embeddable":true,"href":"https:\/\/www.womenfitness.net\/shop\/wp-json\/wp\/v2\/product_cat?post=54486"},{"taxonomy":"product_tag","embeddable":true,"href":"https:\/\/www.womenfitness.net\/shop\/wp-json\/wp\/v2\/product_tag?post=54486"}],"curies":[{"name":"wp","href":"https:\/\/api.w.org\/{rel}","templated":true}]}}