{"id":55133,"date":"2024-11-01T15:18:03","date_gmt":"2024-11-01T09:48:03","guid":{"rendered":"https:\/\/www.womenfitness.net\/shop\/?post_type=product&#038;p=55133"},"modified":"2024-11-01T15:18:04","modified_gmt":"2024-11-01T09:48:04","slug":"visual-and-audible-alerts-for-vehicles-up-to-153-yards-away","status":"publish","type":"product","link":"https:\/\/www.womenfitness.net\/shop\/product\/visual-and-audible-alerts-for-vehicles-up-to-153-yards-away\/","title":{"rendered":"Visual and Audible Alerts..."},"content":{"rendered":"<h1 class=\"a-size-base-plus a-text-bold\">About this item<\/h1>\n<ul class=\"a-unordered-list a-vertical a-spacing-mini\">\n<li class=\"a-spacing-mini\"><span class=\"a-list-item\">Rearview radar with tail light provides awareness of vehicles approaching from behind up to 153 yards (140 meters) away<\/span><\/li>\n<li class=\"a-spacing-mini\"><span class=\"a-list-item\">Pairs seamlessly with your Edge bike computer and compatible smartphone as well as select Garmin wearables or the radar display unit<\/span><\/li>\n<li class=\"a-spacing-mini\"><span class=\"a-list-item\">When used with your compatible smartphone, the Varia app provides graphics \u2014 plus tone and vibration alerts \u2014 that indicate approaching cars<\/span><\/li>\n<li class=\"a-spacing-mini\"><span class=\"a-list-item\">When used with a compatible smartphone, Varia radar integrates with third-party apps such as Ride with GPS to overlay your maps with rearview radar alerts<\/span><\/li>\n<li class=\"a-spacing-mini\"><span class=\"a-list-item\">Daylight visibility up to 1 mile alerts motorists to your presence as soon as possible<\/span><\/li>\n<li class=\"a-spacing-mini\"><span class=\"a-list-item\">Compact vertical design mounts easily to most road-use bicycles<\/span><\/li>\n<li class=\"a-spacing-mini\"><span class=\"a-list-item\">Peloton mode provides a low-intensity light flash that is perfect for cycling in groups<\/span><\/li>\n<li class=\"a-spacing-mini\"><span class=\"a-list-item\">Battery life: up to 16 hours in day flash mode, up to 6 hours in solid mode<\/span><\/li>\n<\/ul>\n","protected":false},"excerpt":{"rendered":"<h4 id=\"title\" class=\"a-size-large a-spacing-none\"><span id=\"productTitle\" class=\"a-size-large product-title-word-break\">Garmin 010-02376-00 Varia RTL515, Cycling Rearview Radar with Tail Light, Visual and Audible Alerts for Vehicles Up to 153 Yards Away<\/span><\/h4>\n<table class=\"a-normal a-spacing-micro\">\n<tbody>\n<tr class=\"a-spacing-small po-brand\">\n<td class=\"a-span3\"><span class=\"a-size-base a-text-bold\">rand<\/span><\/td>\n<td class=\"a-span9\"><span class=\"a-size-base po-break-word\">Garmin<\/span><\/td>\n<\/tr>\n<tr class=\"a-spacing-small po-compatible_devices\">\n<td class=\"a-span3\"><span class=\"a-size-base a-text-bold\">Compatible Devices<\/span><\/td>\n<td class=\"a-span9\"><span class=\"a-size-base\"><span class=\"a-truncate po-truncate-attribute\" data-a-word-break=\"normal\" data-a-truncate-name=\"po-attribute-truncate-1\" data-a-max-rows=\"3\" data-a-overflow-marker=\"&amp;hellip;\" data-a-recalculate=\"false\" data-a-updated=\"true\"><span class=\"a-truncate-full a-offscreen\">D2 Delta, D2 Delta PX, D2 Delta S, Edge 1000, Edge 1030, Edge 1030 Plus, Edge 130, Edge 25, Edge 510, Edge 520, Edge 520 Plus, Edge 530, Edge 810, Edge 820, Edge 830, Edge Explore 1000, Edge Explore 820, f\u0113nix 5, f\u0113nix 5 Plus, f\u0113nix 5S, f\u0113nix 5X, f\u0113nix 5X Plus, f\u0113nix 6, f\u0113nix 6 &#8211; Pro and Sapphire Editions, f\u0113nix 6 &#8211; Pro Solar Edition, f\u0113nix 6S, f\u0113nix 6S &#8211; Pro and Sapphire Editions, f\u0113nix 6S &#8211; Pro Solar Edition, f\u0113nix 6X &#8211; Pro and Sapphire Editions, f\u0113nix 6X &#8211; Pro Solar Edition, f\u0113nix Chronos, Forerunner 735XT, Forerunner 935, Forerunner 945, tactix Charlie, tactix Delta &#8211; Sapphire Edition, tactix Delta &#8211; Solar Edition, tactix Delta &#8211; Solar Edition with Ballistics, Varia Vision In-sight Display, v\u00edvoactive 3, v\u00edvoactive HR<\/span><span class=\"a-truncate-cut\" aria-hidden=\"true\">D2 Delta, D2 Delta PX, D2 Delta S, Edge 1000, Edge 1030, Edge 1030 Plus, Edge 130, Edge 25, Edge 510, Edge 520, Edge 520 Plus, Edge 530, E\u2026<\/span><\/span>\u00a0<\/span><span id=\"po-attribute-see-more-id-1\" class=\"a-declarative\" data-action=\"a-modal\" data-csa-c-type=\"widget\" data-csa-c-func-deps=\"aui-da-a-modal\" data-a-modal=\"{&quot;max-height&quot;:&quot;400&quot;,&quot;width&quot;:&quot;800&quot;,&quot;header&quot;:&quot;Compatible Devices&quot;,&quot;inlineContent&quot;:&quot;D2 Delta, D2 Delta PX, D2 Delta S, Edge 1000, Edge 1030, Edge 1030 Plus, Edge 130, Edge 25, Edge 510, Edge 520, Edge 520 Plus, Edge 530, Edge 810, Edge 820, Edge 830, Edge Explore 1000, Edge Explore 820, f\u0113nix 5, f\u0113nix 5 Plus, f\u0113nix 5S, f\u0113nix 5X, f\u0113nix 5X Plus, f\u0113nix 6, f\u0113nix 6 - Pro and Sapphire Editions, f\u0113nix 6 - Pro Solar Edition, f\u0113nix 6S, f\u0113nix 6S - Pro and Sapphire Editions, f\u0113nix 6S - Pro Solar Edition, f\u0113nix 6X - Pro and Sapphire Editions, f\u0113nix 6X - Pro Solar Edition, f\u0113nix Chronos, Forerunner 735XT, Forerunner 935, Forerunner 945, tactix Charlie, tactix Delta - Sapphire Edition, tactix Delta - Solar Edition, tactix Delta - Solar Edition with Ballistics, Varia Vision In-sight Display, v\u00edvoactive 3, v\u00edvoactive HR&quot;}\" data-csa-c-id=\"84d52r-afzjgi-3lw3fx-v5cifh\"><a class=\"a-popover-trigger a-declarative\" role=\"button\">See more<i class=\"a-icon a-icon-popover\"><\/i><\/a><\/span><\/td>\n<\/tr>\n<tr class=\"a-spacing-small po-power_source_type\">\n<td class=\"a-span3\"><span class=\"a-size-base a-text-bold\">Power Source<\/span><\/td>\n<td class=\"a-span9\"><span class=\"a-size-base po-break-word\">Battery Powered<\/span><\/td>\n<\/tr>\n<tr class=\"a-spacing-small po-item_length_width_height\">\n<td class=\"a-span3\"><span class=\"a-size-base a-text-bold\">Product Dimensions<\/span><\/td>\n<td class=\"a-span9\"><span class=\"a-size-base po-break-word\">1.6&#8243;L x 0.8&#8243;W x 3.9&#8243;H<\/span><\/td>\n<\/tr>\n<tr class=\"a-spacing-small po-upc\">\n<td class=\"a-span3\"><span class=\"a-size-base a-text-bold\">UPC<\/span><\/td>\n<td class=\"a-span9\"><span class=\"a-size-base po-break-word\">753759254124<\/span><\/td>\n<\/tr>\n<\/tbody>\n<\/table>\n","protected":false},"featured_media":55134,"comment_status":"closed","ping_status":"closed","template":"","meta":{"_genesis_hide_title":false,"_genesis_hide_breadcrumbs":false,"_genesis_hide_singular_image":false,"_genesis_hide_footer_widgets":false,"_genesis_custom_body_class":"","_genesis_custom_post_class":"","_genesis_layout":""},"product_cat":[80,83],"product_tag":[],"yoast_head":"<!-- This site is optimized with the Yoast SEO plugin v22.8 - https:\/\/yoast.com\/wordpress\/plugins\/seo\/ -->\n<title>Visual and Audible Alerts for Vehicles Up to 153 Yards Away - WF Shopping<\/title>\n<meta name=\"description\" content=\"Garmin 010-02376-00 Varia RTL515, Cycling Rearview Radar with Tail Light, Visual and Audible Alerts for Vehicles Up to 153 Yards Away\" \/>\n<meta name=\"robots\" content=\"index, follow, max-snippet:-1, max-image-preview:large, max-video-preview:-1\" \/>\n<link rel=\"canonical\" href=\"https:\/\/www.womenfitness.net\/shop\/product\/visual-and-audible-alerts-for-vehicles-up-to-153-yards-away\/\" \/>\n<meta property=\"og:locale\" content=\"en_US\" \/>\n<meta property=\"og:type\" content=\"article\" \/>\n<meta property=\"og:title\" content=\"Visual and Audible Alerts for Vehicles Up to 153 Yards Away - WF Shopping\" \/>\n<meta property=\"og:description\" content=\"Garmin 010-02376-00 Varia RTL515, Cycling Rearview Radar with Tail Light, Visual and Audible Alerts for Vehicles Up to 153 Yards Away\" \/>\n<meta property=\"og:url\" content=\"https:\/\/www.womenfitness.net\/shop\/product\/visual-and-audible-alerts-for-vehicles-up-to-153-yards-away\/\" \/>\n<meta property=\"og:site_name\" content=\"WF Shopping\" \/>\n<meta property=\"article:modified_time\" content=\"2024-11-01T09:48:04+00:00\" \/>\n<meta property=\"og:image\" content=\"https:\/\/www.womenfitness.net\/shop\/wp-content\/uploads\/2024\/11\/Visual-and-Audible-Alerts-for-Vehicles-Up-to-153-Yards-Away.jpg\" \/>\n\t<meta property=\"og:image:width\" content=\"679\" \/>\n\t<meta property=\"og:image:height\" content=\"708\" \/>\n\t<meta property=\"og:image:type\" content=\"image\/jpeg\" \/>\n<meta name=\"twitter:card\" content=\"summary_large_image\" \/>\n<meta name=\"twitter:label1\" content=\"Est. reading time\" \/>\n\t<meta name=\"twitter:data1\" content=\"1 minute\" \/>\n<script type=\"application\/ld+json\" class=\"yoast-schema-graph\">{\"@context\":\"https:\/\/schema.org\",\"@graph\":[{\"@type\":\"WebPage\",\"@id\":\"https:\/\/www.womenfitness.net\/shop\/product\/visual-and-audible-alerts-for-vehicles-up-to-153-yards-away\/\",\"url\":\"https:\/\/www.womenfitness.net\/shop\/product\/visual-and-audible-alerts-for-vehicles-up-to-153-yards-away\/\",\"name\":\"Visual and Audible Alerts for Vehicles Up to 153 Yards Away - WF Shopping\",\"isPartOf\":{\"@id\":\"https:\/\/www.womenfitness.net\/shop\/#website\"},\"primaryImageOfPage\":{\"@id\":\"https:\/\/www.womenfitness.net\/shop\/product\/visual-and-audible-alerts-for-vehicles-up-to-153-yards-away\/#primaryimage\"},\"image\":{\"@id\":\"https:\/\/www.womenfitness.net\/shop\/product\/visual-and-audible-alerts-for-vehicles-up-to-153-yards-away\/#primaryimage\"},\"thumbnailUrl\":\"https:\/\/www.womenfitness.net\/shop\/wp-content\/uploads\/2024\/11\/Visual-and-Audible-Alerts-for-Vehicles-Up-to-153-Yards-Away.jpg\",\"datePublished\":\"2024-11-01T09:48:03+00:00\",\"dateModified\":\"2024-11-01T09:48:04+00:00\",\"description\":\"Garmin 010-02376-00 Varia RTL515, Cycling Rearview Radar with Tail Light, Visual and Audible Alerts for Vehicles Up to 153 Yards Away\",\"breadcrumb\":{\"@id\":\"https:\/\/www.womenfitness.net\/shop\/product\/visual-and-audible-alerts-for-vehicles-up-to-153-yards-away\/#breadcrumb\"},\"inLanguage\":\"en-US\",\"potentialAction\":[{\"@type\":\"ReadAction\",\"target\":[\"https:\/\/www.womenfitness.net\/shop\/product\/visual-and-audible-alerts-for-vehicles-up-to-153-yards-away\/\"]}]},{\"@type\":\"ImageObject\",\"inLanguage\":\"en-US\",\"@id\":\"https:\/\/www.womenfitness.net\/shop\/product\/visual-and-audible-alerts-for-vehicles-up-to-153-yards-away\/#primaryimage\",\"url\":\"https:\/\/www.womenfitness.net\/shop\/wp-content\/uploads\/2024\/11\/Visual-and-Audible-Alerts-for-Vehicles-Up-to-153-Yards-Away.jpg\",\"contentUrl\":\"https:\/\/www.womenfitness.net\/shop\/wp-content\/uploads\/2024\/11\/Visual-and-Audible-Alerts-for-Vehicles-Up-to-153-Yards-Away.jpg\",\"width\":679,\"height\":708,\"caption\":\"Visual and Audible Alerts for Vehicles Up to 153 Yards Away\"},{\"@type\":\"BreadcrumbList\",\"@id\":\"https:\/\/www.womenfitness.net\/shop\/product\/visual-and-audible-alerts-for-vehicles-up-to-153-yards-away\/#breadcrumb\",\"itemListElement\":[{\"@type\":\"ListItem\",\"position\":1,\"name\":\"Home\",\"item\":\"https:\/\/www.womenfitness.net\/shop\/\"},{\"@type\":\"ListItem\",\"position\":2,\"name\":\"Shop\",\"item\":\"https:\/\/www.womenfitness.net\/shop\/\"},{\"@type\":\"ListItem\",\"position\":3,\"name\":\"Visual and Audible Alerts...\"}]},{\"@type\":\"WebSite\",\"@id\":\"https:\/\/www.womenfitness.net\/shop\/#website\",\"url\":\"https:\/\/www.womenfitness.net\/shop\/\",\"name\":\"WF Shopping\",\"description\":\"An exhaustive resource of Women Fitness and Health\",\"potentialAction\":[{\"@type\":\"SearchAction\",\"target\":{\"@type\":\"EntryPoint\",\"urlTemplate\":\"https:\/\/www.womenfitness.net\/shop\/?s={search_term_string}\"},\"query-input\":\"required name=search_term_string\"}],\"inLanguage\":\"en-US\"}]}<\/script>\n<!-- \/ Yoast SEO plugin. -->","yoast_head_json":{"title":"Visual and Audible Alerts for Vehicles Up to 153 Yards Away - WF Shopping","description":"Garmin 010-02376-00 Varia RTL515, Cycling Rearview Radar with Tail Light, Visual and Audible Alerts for Vehicles Up to 153 Yards Away","robots":{"index":"index","follow":"follow","max-snippet":"max-snippet:-1","max-image-preview":"max-image-preview:large","max-video-preview":"max-video-preview:-1"},"canonical":"https:\/\/www.womenfitness.net\/shop\/product\/visual-and-audible-alerts-for-vehicles-up-to-153-yards-away\/","og_locale":"en_US","og_type":"article","og_title":"Visual and Audible Alerts for Vehicles Up to 153 Yards Away - WF Shopping","og_description":"Garmin 010-02376-00 Varia RTL515, Cycling Rearview Radar with Tail Light, Visual and Audible Alerts for Vehicles Up to 153 Yards Away","og_url":"https:\/\/www.womenfitness.net\/shop\/product\/visual-and-audible-alerts-for-vehicles-up-to-153-yards-away\/","og_site_name":"WF Shopping","article_modified_time":"2024-11-01T09:48:04+00:00","og_image":[{"width":679,"height":708,"url":"https:\/\/www.womenfitness.net\/shop\/wp-content\/uploads\/2024\/11\/Visual-and-Audible-Alerts-for-Vehicles-Up-to-153-Yards-Away.jpg","type":"image\/jpeg"}],"twitter_card":"summary_large_image","twitter_misc":{"Est. reading time":"1 minute"},"schema":{"@context":"https:\/\/schema.org","@graph":[{"@type":"WebPage","@id":"https:\/\/www.womenfitness.net\/shop\/product\/visual-and-audible-alerts-for-vehicles-up-to-153-yards-away\/","url":"https:\/\/www.womenfitness.net\/shop\/product\/visual-and-audible-alerts-for-vehicles-up-to-153-yards-away\/","name":"Visual and Audible Alerts for Vehicles Up to 153 Yards Away - WF Shopping","isPartOf":{"@id":"https:\/\/www.womenfitness.net\/shop\/#website"},"primaryImageOfPage":{"@id":"https:\/\/www.womenfitness.net\/shop\/product\/visual-and-audible-alerts-for-vehicles-up-to-153-yards-away\/#primaryimage"},"image":{"@id":"https:\/\/www.womenfitness.net\/shop\/product\/visual-and-audible-alerts-for-vehicles-up-to-153-yards-away\/#primaryimage"},"thumbnailUrl":"https:\/\/www.womenfitness.net\/shop\/wp-content\/uploads\/2024\/11\/Visual-and-Audible-Alerts-for-Vehicles-Up-to-153-Yards-Away.jpg","datePublished":"2024-11-01T09:48:03+00:00","dateModified":"2024-11-01T09:48:04+00:00","description":"Garmin 010-02376-00 Varia RTL515, Cycling Rearview Radar with Tail Light, Visual and Audible Alerts for Vehicles Up to 153 Yards Away","breadcrumb":{"@id":"https:\/\/www.womenfitness.net\/shop\/product\/visual-and-audible-alerts-for-vehicles-up-to-153-yards-away\/#breadcrumb"},"inLanguage":"en-US","potentialAction":[{"@type":"ReadAction","target":["https:\/\/www.womenfitness.net\/shop\/product\/visual-and-audible-alerts-for-vehicles-up-to-153-yards-away\/"]}]},{"@type":"ImageObject","inLanguage":"en-US","@id":"https:\/\/www.womenfitness.net\/shop\/product\/visual-and-audible-alerts-for-vehicles-up-to-153-yards-away\/#primaryimage","url":"https:\/\/www.womenfitness.net\/shop\/wp-content\/uploads\/2024\/11\/Visual-and-Audible-Alerts-for-Vehicles-Up-to-153-Yards-Away.jpg","contentUrl":"https:\/\/www.womenfitness.net\/shop\/wp-content\/uploads\/2024\/11\/Visual-and-Audible-Alerts-for-Vehicles-Up-to-153-Yards-Away.jpg","width":679,"height":708,"caption":"Visual and Audible Alerts for Vehicles Up to 153 Yards Away"},{"@type":"BreadcrumbList","@id":"https:\/\/www.womenfitness.net\/shop\/product\/visual-and-audible-alerts-for-vehicles-up-to-153-yards-away\/#breadcrumb","itemListElement":[{"@type":"ListItem","position":1,"name":"Home","item":"https:\/\/www.womenfitness.net\/shop\/"},{"@type":"ListItem","position":2,"name":"Shop","item":"https:\/\/www.womenfitness.net\/shop\/"},{"@type":"ListItem","position":3,"name":"Visual and Audible Alerts..."}]},{"@type":"WebSite","@id":"https:\/\/www.womenfitness.net\/shop\/#website","url":"https:\/\/www.womenfitness.net\/shop\/","name":"WF Shopping","description":"An exhaustive resource of Women Fitness and Health","potentialAction":[{"@type":"SearchAction","target":{"@type":"EntryPoint","urlTemplate":"https:\/\/www.womenfitness.net\/shop\/?s={search_term_string}"},"query-input":"required name=search_term_string"}],"inLanguage":"en-US"}]}},"_links":{"self":[{"href":"https:\/\/www.womenfitness.net\/shop\/wp-json\/wp\/v2\/product\/55133"}],"collection":[{"href":"https:\/\/www.womenfitness.net\/shop\/wp-json\/wp\/v2\/product"}],"about":[{"href":"https:\/\/www.womenfitness.net\/shop\/wp-json\/wp\/v2\/types\/product"}],"replies":[{"embeddable":true,"href":"https:\/\/www.womenfitness.net\/shop\/wp-json\/wp\/v2\/comments?post=55133"}],"wp:featuredmedia":[{"embeddable":true,"href":"https:\/\/www.womenfitness.net\/shop\/wp-json\/wp\/v2\/media\/55134"}],"wp:attachment":[{"href":"https:\/\/www.womenfitness.net\/shop\/wp-json\/wp\/v2\/media?parent=55133"}],"wp:term":[{"taxonomy":"product_cat","embeddable":true,"href":"https:\/\/www.womenfitness.net\/shop\/wp-json\/wp\/v2\/product_cat?post=55133"},{"taxonomy":"product_tag","embeddable":true,"href":"https:\/\/www.womenfitness.net\/shop\/wp-json\/wp\/v2\/product_tag?post=55133"}],"curies":[{"name":"wp","href":"https:\/\/api.w.org\/{rel}","templated":true}]}}