{"id":60820,"date":"2025-06-25T18:52:48","date_gmt":"2025-06-25T13:22:48","guid":{"rendered":"https:\/\/www.womenfitness.net\/shop\/?post_type=product&#038;p=60820"},"modified":"2025-06-25T18:52:48","modified_gmt":"2025-06-25T13:22:48","slug":"8pcs-purple-hydrangea-artificial-flowers-27-61-large-realistic-single-long-stem-faux-silk-hydrangea-bouquets-flowers-arrangements-home-office-decor-wedding-centerpieces-diy","status":"publish","type":"product","link":"https:\/\/www.womenfitness.net\/shop\/product\/8pcs-purple-hydrangea-artificial-flowers-27-61-large-realistic-single-long-stem-faux-silk-hydrangea-bouquets-flowers-arrangements-home-office-decor-wedding-centerpieces-diy\/","title":{"rendered":"8pcs Purple Hydrangea Art..."},"content":{"rendered":"<h2 class=\"a-size-base-plus a-text-bold\">About this item<\/h2>\n<div class=\"a-expander-collapsed-height a-row a-expander-container a-expander-partial-collapse-container\" data-a-expander-collapsed-height=\"300\">\n<div class=\"a-expander-content a-expander-partial-collapse-content\" data-expanded=\"false\">\n<ul class=\"a-unordered-list a-vertical a-spacing-mini\">\n<li class=\"a-spacing-mini\"><span class=\"a-list-item\">Size:Fake Hydrangea height : 27.55 inches \/ 70cm, flower head 7.87 inches \/ 20 cm in diameter.This realistic faux Hydrangea can match roses, pompom mummy flowers, baby breath.<\/span><\/li>\n<li class=\"a-spacing-mini\"><span class=\"a-list-item\">Material: Hydrangea artificial flower are made of Silk, same as the real flower and stems are made of steel wire inside and plastic outside.<\/span><\/li>\n<li class=\"a-spacing-mini\"><span class=\"a-list-item\">Hydrangea bouquet Flower Arrangements:wedding decorations, bridal bouquets for wedding, boutonnieres, baby shower, home d\u00e9cor for living room or kitchen d\u00e9cor, amaranth pink flowers in vases for centrepieces, party supplies, adding some warmth to the office, and table d\u00e9cor and DIY bouquet.<\/span><\/li>\n<li class=\"a-spacing-mini\"><span class=\"a-list-item\">Real Touch Hydrangea Flowers:8pcs artificial Hydrangea flowers never wither and remains beautiful all the time.Artificial flowers preserve the beauty of fresh flowers, they are cheaper and last longer than fresh flowers.<\/span><\/li>\n<li class=\"a-spacing-mini\"><span class=\"a-list-item\">These lifelike artificial flowers are vibrant in color, have a real touch and look natural. Well made with silk fake flower and plastic stem.Silk Hydrangea Flowers Bouquets Faux Hydrangea Stems for Home Table Centerpieces.<\/span><\/li>\n<\/ul>\n<\/div>\n<div class=\"a-expander-header a-expander-partial-collapse-header\"><\/div>\n<\/div>\n","protected":false},"excerpt":{"rendered":"<h3 class=\"a-size-large a-spacing-none\"><span id=\"productTitle\" class=\"a-size-large product-title-word-break\">8pcs Purple Hydrangea Artificial Flowers 27.61&#8243; Large Realistic Single Long Stem Faux Silk Hydrangea Bouquets Flowers Arrangements Home Office Decor Wedding Centerpieces DIY<\/span><\/h3>\n<hr \/>\n<p id=\"title\" class=\"a-size-large a-spacing-none\">Brand : WISTART<br \/>\nPlant or Animal Product Type : Hydrangea<br \/>\nColor : Purple<br \/>\nMaterial : Silk<br \/>\nProduct Dimensions : 14&#8243;D x 8&#8243;W x 0.78&#8243;H<\/p>\n","protected":false},"featured_media":60821,"comment_status":"closed","ping_status":"closed","template":"","meta":{"_genesis_hide_title":false,"_genesis_hide_breadcrumbs":false,"_genesis_hide_singular_image":false,"_genesis_hide_footer_widgets":false,"_genesis_custom_body_class":"","_genesis_custom_post_class":"","_genesis_layout":""},"product_cat":[88],"product_tag":[],"yoast_head":"<!-- This site is optimized with the Yoast SEO plugin v22.8 - https:\/\/yoast.com\/wordpress\/plugins\/seo\/ -->\n<title>8pcs Purple Hydrangea Artificial Flowers 27.61&quot; Large Realistic Single Long Stem Faux Silk Hydrangea Bouquets Flowers Arrangements Home Office Decor Wedding Centerpieces DIY - WF Shopping<\/title>\n<meta name=\"description\" content=\"8pcs Purple Hydrangea Artificial Flowers 27.61&quot; Large Realistic Single Long Stem Faux Silk Hydrangea Bouquets Flowers Arrangements Home Office Decor\" \/>\n<meta name=\"robots\" content=\"index, follow, max-snippet:-1, max-image-preview:large, max-video-preview:-1\" \/>\n<link rel=\"canonical\" href=\"https:\/\/www.womenfitness.net\/shop\/product\/8pcs-purple-hydrangea-artificial-flowers-27-61-large-realistic-single-long-stem-faux-silk-hydrangea-bouquets-flowers-arrangements-home-office-decor-wedding-centerpieces-diy\/\" \/>\n<meta property=\"og:locale\" content=\"en_US\" \/>\n<meta property=\"og:type\" content=\"article\" \/>\n<meta property=\"og:title\" content=\"8pcs Purple Hydrangea Artificial Flowers 27.61&quot; Large Realistic Single Long Stem Faux Silk Hydrangea Bouquets Flowers Arrangements Home Office Decor Wedding Centerpieces DIY - WF Shopping\" \/>\n<meta property=\"og:description\" content=\"8pcs Purple Hydrangea Artificial Flowers 27.61&quot; Large Realistic Single Long Stem Faux Silk Hydrangea Bouquets Flowers Arrangements Home Office Decor\" \/>\n<meta property=\"og:url\" content=\"https:\/\/www.womenfitness.net\/shop\/product\/8pcs-purple-hydrangea-artificial-flowers-27-61-large-realistic-single-long-stem-faux-silk-hydrangea-bouquets-flowers-arrangements-home-office-decor-wedding-centerpieces-diy\/\" \/>\n<meta property=\"og:site_name\" content=\"WF Shopping\" \/>\n<meta property=\"og:image\" content=\"https:\/\/www.womenfitness.net\/shop\/wp-content\/uploads\/2025\/06\/8pcs-Purple-Hydrangea-Artificial-Flowers-27.61-Large-Realistic-Single-Long-Stem-Faux-Silk-Hydrangea-Bouquets-Flowers-Arrangements-Home-Office-Decor-Wedding-Centerpieces-DIY.jpg\" \/>\n\t<meta property=\"og:image:width\" content=\"679\" \/>\n\t<meta property=\"og:image:height\" content=\"717\" \/>\n\t<meta property=\"og:image:type\" content=\"image\/jpeg\" \/>\n<meta name=\"twitter:card\" content=\"summary_large_image\" \/>\n<meta name=\"twitter:label1\" content=\"Est. reading time\" \/>\n\t<meta name=\"twitter:data1\" content=\"1 minute\" \/>\n<script type=\"application\/ld+json\" class=\"yoast-schema-graph\">{\"@context\":\"https:\/\/schema.org\",\"@graph\":[{\"@type\":\"WebPage\",\"@id\":\"https:\/\/www.womenfitness.net\/shop\/product\/8pcs-purple-hydrangea-artificial-flowers-27-61-large-realistic-single-long-stem-faux-silk-hydrangea-bouquets-flowers-arrangements-home-office-decor-wedding-centerpieces-diy\/\",\"url\":\"https:\/\/www.womenfitness.net\/shop\/product\/8pcs-purple-hydrangea-artificial-flowers-27-61-large-realistic-single-long-stem-faux-silk-hydrangea-bouquets-flowers-arrangements-home-office-decor-wedding-centerpieces-diy\/\",\"name\":\"8pcs Purple Hydrangea Artificial Flowers 27.61\\\" Large Realistic Single Long Stem Faux Silk Hydrangea Bouquets Flowers Arrangements Home Office Decor Wedding Centerpieces DIY - WF Shopping\",\"isPartOf\":{\"@id\":\"https:\/\/www.womenfitness.net\/shop\/#website\"},\"primaryImageOfPage\":{\"@id\":\"https:\/\/www.womenfitness.net\/shop\/product\/8pcs-purple-hydrangea-artificial-flowers-27-61-large-realistic-single-long-stem-faux-silk-hydrangea-bouquets-flowers-arrangements-home-office-decor-wedding-centerpieces-diy\/#primaryimage\"},\"image\":{\"@id\":\"https:\/\/www.womenfitness.net\/shop\/product\/8pcs-purple-hydrangea-artificial-flowers-27-61-large-realistic-single-long-stem-faux-silk-hydrangea-bouquets-flowers-arrangements-home-office-decor-wedding-centerpieces-diy\/#primaryimage\"},\"thumbnailUrl\":\"https:\/\/www.womenfitness.net\/shop\/wp-content\/uploads\/2025\/06\/8pcs-Purple-Hydrangea-Artificial-Flowers-27.61-Large-Realistic-Single-Long-Stem-Faux-Silk-Hydrangea-Bouquets-Flowers-Arrangements-Home-Office-Decor-Wedding-Centerpieces-DIY.jpg\",\"datePublished\":\"2025-06-25T13:22:48+00:00\",\"dateModified\":\"2025-06-25T13:22:48+00:00\",\"description\":\"8pcs Purple Hydrangea Artificial Flowers 27.61\\\" Large Realistic Single Long Stem Faux Silk Hydrangea Bouquets Flowers Arrangements Home Office Decor\",\"breadcrumb\":{\"@id\":\"https:\/\/www.womenfitness.net\/shop\/product\/8pcs-purple-hydrangea-artificial-flowers-27-61-large-realistic-single-long-stem-faux-silk-hydrangea-bouquets-flowers-arrangements-home-office-decor-wedding-centerpieces-diy\/#breadcrumb\"},\"inLanguage\":\"en-US\",\"potentialAction\":[{\"@type\":\"ReadAction\",\"target\":[\"https:\/\/www.womenfitness.net\/shop\/product\/8pcs-purple-hydrangea-artificial-flowers-27-61-large-realistic-single-long-stem-faux-silk-hydrangea-bouquets-flowers-arrangements-home-office-decor-wedding-centerpieces-diy\/\"]}]},{\"@type\":\"ImageObject\",\"inLanguage\":\"en-US\",\"@id\":\"https:\/\/www.womenfitness.net\/shop\/product\/8pcs-purple-hydrangea-artificial-flowers-27-61-large-realistic-single-long-stem-faux-silk-hydrangea-bouquets-flowers-arrangements-home-office-decor-wedding-centerpieces-diy\/#primaryimage\",\"url\":\"https:\/\/www.womenfitness.net\/shop\/wp-content\/uploads\/2025\/06\/8pcs-Purple-Hydrangea-Artificial-Flowers-27.61-Large-Realistic-Single-Long-Stem-Faux-Silk-Hydrangea-Bouquets-Flowers-Arrangements-Home-Office-Decor-Wedding-Centerpieces-DIY.jpg\",\"contentUrl\":\"https:\/\/www.womenfitness.net\/shop\/wp-content\/uploads\/2025\/06\/8pcs-Purple-Hydrangea-Artificial-Flowers-27.61-Large-Realistic-Single-Long-Stem-Faux-Silk-Hydrangea-Bouquets-Flowers-Arrangements-Home-Office-Decor-Wedding-Centerpieces-DIY.jpg\",\"width\":679,\"height\":717,\"caption\":\"8pcs Purple Hydrangea Artificial Flowers 27.61\\\" Large Realistic Single Long Stem Faux Silk Hydrangea Bouquets Flowers Arrangements Home Office Decor Wedding Centerpieces DIY\"},{\"@type\":\"BreadcrumbList\",\"@id\":\"https:\/\/www.womenfitness.net\/shop\/product\/8pcs-purple-hydrangea-artificial-flowers-27-61-large-realistic-single-long-stem-faux-silk-hydrangea-bouquets-flowers-arrangements-home-office-decor-wedding-centerpieces-diy\/#breadcrumb\",\"itemListElement\":[{\"@type\":\"ListItem\",\"position\":1,\"name\":\"Home\",\"item\":\"https:\/\/www.womenfitness.net\/shop\/\"},{\"@type\":\"ListItem\",\"position\":2,\"name\":\"Shop\",\"item\":\"https:\/\/www.womenfitness.net\/shop\/\"},{\"@type\":\"ListItem\",\"position\":3,\"name\":\"8pcs Purple Hydrangea Art...\"}]},{\"@type\":\"WebSite\",\"@id\":\"https:\/\/www.womenfitness.net\/shop\/#website\",\"url\":\"https:\/\/www.womenfitness.net\/shop\/\",\"name\":\"WF Shopping\",\"description\":\"An exhaustive resource of Women Fitness and Health\",\"potentialAction\":[{\"@type\":\"SearchAction\",\"target\":{\"@type\":\"EntryPoint\",\"urlTemplate\":\"https:\/\/www.womenfitness.net\/shop\/?s={search_term_string}\"},\"query-input\":\"required name=search_term_string\"}],\"inLanguage\":\"en-US\"}]}<\/script>\n<!-- \/ Yoast SEO plugin. -->","yoast_head_json":{"title":"8pcs Purple Hydrangea Artificial Flowers 27.61\" Large Realistic Single Long Stem Faux Silk Hydrangea Bouquets Flowers Arrangements Home Office Decor Wedding Centerpieces DIY - WF Shopping","description":"8pcs Purple Hydrangea Artificial Flowers 27.61\" Large Realistic Single Long Stem Faux Silk Hydrangea Bouquets Flowers Arrangements Home Office Decor","robots":{"index":"index","follow":"follow","max-snippet":"max-snippet:-1","max-image-preview":"max-image-preview:large","max-video-preview":"max-video-preview:-1"},"canonical":"https:\/\/www.womenfitness.net\/shop\/product\/8pcs-purple-hydrangea-artificial-flowers-27-61-large-realistic-single-long-stem-faux-silk-hydrangea-bouquets-flowers-arrangements-home-office-decor-wedding-centerpieces-diy\/","og_locale":"en_US","og_type":"article","og_title":"8pcs Purple Hydrangea Artificial Flowers 27.61\" Large Realistic Single Long Stem Faux Silk Hydrangea Bouquets Flowers Arrangements Home Office Decor Wedding Centerpieces DIY - WF Shopping","og_description":"8pcs Purple Hydrangea Artificial Flowers 27.61\" Large Realistic Single Long Stem Faux Silk Hydrangea Bouquets Flowers Arrangements Home Office Decor","og_url":"https:\/\/www.womenfitness.net\/shop\/product\/8pcs-purple-hydrangea-artificial-flowers-27-61-large-realistic-single-long-stem-faux-silk-hydrangea-bouquets-flowers-arrangements-home-office-decor-wedding-centerpieces-diy\/","og_site_name":"WF Shopping","og_image":[{"width":679,"height":717,"url":"https:\/\/www.womenfitness.net\/shop\/wp-content\/uploads\/2025\/06\/8pcs-Purple-Hydrangea-Artificial-Flowers-27.61-Large-Realistic-Single-Long-Stem-Faux-Silk-Hydrangea-Bouquets-Flowers-Arrangements-Home-Office-Decor-Wedding-Centerpieces-DIY.jpg","type":"image\/jpeg"}],"twitter_card":"summary_large_image","twitter_misc":{"Est. reading time":"1 minute"},"schema":{"@context":"https:\/\/schema.org","@graph":[{"@type":"WebPage","@id":"https:\/\/www.womenfitness.net\/shop\/product\/8pcs-purple-hydrangea-artificial-flowers-27-61-large-realistic-single-long-stem-faux-silk-hydrangea-bouquets-flowers-arrangements-home-office-decor-wedding-centerpieces-diy\/","url":"https:\/\/www.womenfitness.net\/shop\/product\/8pcs-purple-hydrangea-artificial-flowers-27-61-large-realistic-single-long-stem-faux-silk-hydrangea-bouquets-flowers-arrangements-home-office-decor-wedding-centerpieces-diy\/","name":"8pcs Purple Hydrangea Artificial Flowers 27.61\" Large Realistic Single Long Stem Faux Silk Hydrangea Bouquets Flowers Arrangements Home Office Decor Wedding Centerpieces DIY - WF Shopping","isPartOf":{"@id":"https:\/\/www.womenfitness.net\/shop\/#website"},"primaryImageOfPage":{"@id":"https:\/\/www.womenfitness.net\/shop\/product\/8pcs-purple-hydrangea-artificial-flowers-27-61-large-realistic-single-long-stem-faux-silk-hydrangea-bouquets-flowers-arrangements-home-office-decor-wedding-centerpieces-diy\/#primaryimage"},"image":{"@id":"https:\/\/www.womenfitness.net\/shop\/product\/8pcs-purple-hydrangea-artificial-flowers-27-61-large-realistic-single-long-stem-faux-silk-hydrangea-bouquets-flowers-arrangements-home-office-decor-wedding-centerpieces-diy\/#primaryimage"},"thumbnailUrl":"https:\/\/www.womenfitness.net\/shop\/wp-content\/uploads\/2025\/06\/8pcs-Purple-Hydrangea-Artificial-Flowers-27.61-Large-Realistic-Single-Long-Stem-Faux-Silk-Hydrangea-Bouquets-Flowers-Arrangements-Home-Office-Decor-Wedding-Centerpieces-DIY.jpg","datePublished":"2025-06-25T13:22:48+00:00","dateModified":"2025-06-25T13:22:48+00:00","description":"8pcs Purple Hydrangea Artificial Flowers 27.61\" Large Realistic Single Long Stem Faux Silk Hydrangea Bouquets Flowers Arrangements Home Office Decor","breadcrumb":{"@id":"https:\/\/www.womenfitness.net\/shop\/product\/8pcs-purple-hydrangea-artificial-flowers-27-61-large-realistic-single-long-stem-faux-silk-hydrangea-bouquets-flowers-arrangements-home-office-decor-wedding-centerpieces-diy\/#breadcrumb"},"inLanguage":"en-US","potentialAction":[{"@type":"ReadAction","target":["https:\/\/www.womenfitness.net\/shop\/product\/8pcs-purple-hydrangea-artificial-flowers-27-61-large-realistic-single-long-stem-faux-silk-hydrangea-bouquets-flowers-arrangements-home-office-decor-wedding-centerpieces-diy\/"]}]},{"@type":"ImageObject","inLanguage":"en-US","@id":"https:\/\/www.womenfitness.net\/shop\/product\/8pcs-purple-hydrangea-artificial-flowers-27-61-large-realistic-single-long-stem-faux-silk-hydrangea-bouquets-flowers-arrangements-home-office-decor-wedding-centerpieces-diy\/#primaryimage","url":"https:\/\/www.womenfitness.net\/shop\/wp-content\/uploads\/2025\/06\/8pcs-Purple-Hydrangea-Artificial-Flowers-27.61-Large-Realistic-Single-Long-Stem-Faux-Silk-Hydrangea-Bouquets-Flowers-Arrangements-Home-Office-Decor-Wedding-Centerpieces-DIY.jpg","contentUrl":"https:\/\/www.womenfitness.net\/shop\/wp-content\/uploads\/2025\/06\/8pcs-Purple-Hydrangea-Artificial-Flowers-27.61-Large-Realistic-Single-Long-Stem-Faux-Silk-Hydrangea-Bouquets-Flowers-Arrangements-Home-Office-Decor-Wedding-Centerpieces-DIY.jpg","width":679,"height":717,"caption":"8pcs Purple Hydrangea Artificial Flowers 27.61\" Large Realistic Single Long Stem Faux Silk Hydrangea Bouquets Flowers Arrangements Home Office Decor Wedding Centerpieces DIY"},{"@type":"BreadcrumbList","@id":"https:\/\/www.womenfitness.net\/shop\/product\/8pcs-purple-hydrangea-artificial-flowers-27-61-large-realistic-single-long-stem-faux-silk-hydrangea-bouquets-flowers-arrangements-home-office-decor-wedding-centerpieces-diy\/#breadcrumb","itemListElement":[{"@type":"ListItem","position":1,"name":"Home","item":"https:\/\/www.womenfitness.net\/shop\/"},{"@type":"ListItem","position":2,"name":"Shop","item":"https:\/\/www.womenfitness.net\/shop\/"},{"@type":"ListItem","position":3,"name":"8pcs Purple Hydrangea Art..."}]},{"@type":"WebSite","@id":"https:\/\/www.womenfitness.net\/shop\/#website","url":"https:\/\/www.womenfitness.net\/shop\/","name":"WF Shopping","description":"An exhaustive resource of Women Fitness and Health","potentialAction":[{"@type":"SearchAction","target":{"@type":"EntryPoint","urlTemplate":"https:\/\/www.womenfitness.net\/shop\/?s={search_term_string}"},"query-input":"required name=search_term_string"}],"inLanguage":"en-US"}]}},"_links":{"self":[{"href":"https:\/\/www.womenfitness.net\/shop\/wp-json\/wp\/v2\/product\/60820"}],"collection":[{"href":"https:\/\/www.womenfitness.net\/shop\/wp-json\/wp\/v2\/product"}],"about":[{"href":"https:\/\/www.womenfitness.net\/shop\/wp-json\/wp\/v2\/types\/product"}],"replies":[{"embeddable":true,"href":"https:\/\/www.womenfitness.net\/shop\/wp-json\/wp\/v2\/comments?post=60820"}],"wp:featuredmedia":[{"embeddable":true,"href":"https:\/\/www.womenfitness.net\/shop\/wp-json\/wp\/v2\/media\/60821"}],"wp:attachment":[{"href":"https:\/\/www.womenfitness.net\/shop\/wp-json\/wp\/v2\/media?parent=60820"}],"wp:term":[{"taxonomy":"product_cat","embeddable":true,"href":"https:\/\/www.womenfitness.net\/shop\/wp-json\/wp\/v2\/product_cat?post=60820"},{"taxonomy":"product_tag","embeddable":true,"href":"https:\/\/www.womenfitness.net\/shop\/wp-json\/wp\/v2\/product_tag?post=60820"}],"curies":[{"name":"wp","href":"https:\/\/api.w.org\/{rel}","templated":true}]}}