{"id":64774,"date":"2026-05-14T15:05:51","date_gmt":"2026-05-14T09:35:51","guid":{"rendered":"https:\/\/www.womenfitness.net\/shop\/?post_type=product&#038;p=64774"},"modified":"2026-05-14T15:05:51","modified_gmt":"2026-05-14T09:35:51","slug":"estee-lauder-estee-lauder-nutritious-2-in-1-foaming-face-wash-cleanser-mask-pore-minimizer","status":"publish","type":"product","link":"https:\/\/www.womenfitness.net\/shop\/product\/estee-lauder-estee-lauder-nutritious-2-in-1-foaming-face-wash-cleanser-mask-pore-minimizer\/","title":{"rendered":"Est\u00e9e Lauder Est\u00e9e Laud..."},"content":{"rendered":"<h2 class=\"a-size-base-plus a-text-bold\">About this item<\/h2>\n<div class=\"a-expander-collapsed-height a-row a-expander-container a-expander-partial-collapse-container\" data-a-expander-collapsed-height=\"300\">\n<div class=\"a-expander-content a-expander-partial-collapse-content a-expander-content-expanded\" data-expanded=\"true\">\n<ul class=\"a-unordered-list a-vertical a-spacing-mini\">\n<li class=\"a-spacing-mini\"><span class=\"a-list-item\">GOODBYE, SHINE: Dual-action formula works as a daily cleanser or weekly purifying mask. Removes excess oil. Minimizes the look of pores.<\/span><\/li>\n<li class=\"a-spacing-mini\"><span class=\"a-list-item\">97% NATURALLY DERIVED*: Gentle formula is infused with our Nutri-9 Complex featuring Sweet Kelp, Red Algae Ferment &amp; Coconut Water Ferment. *Per ISO Standard 16128. From plant sources, non-petroleum mineral sources, and\/or water.<\/span><\/li>\n<li class=\"a-spacing-mini\"><span class=\"a-list-item\">SKIN-LOVING, FUTURE-LOVING: Designed with packaging sustainability. The packaging for this product contains at least 27% post-consumer recycled content.<\/span><\/li>\n<li class=\"a-spacing-mini\"><span class=\"a-list-item\">EWG VERIFIED: Our Nutritious collection is EWG VERIFIED by Environmental Working Group (EWG), a third-party non-profit organization.<\/span><\/li>\n<li class=\"a-spacing-mini\"><span class=\"a-list-item\">IDEAL FOR NORMAL TO OILY SKIN: If your skin is grumpy, dull and irritable, this cleanser is what you need. An ingeniously calibrated, nutrient-rich formula that will help skin flourish and flaunt its natural vibrancy.<\/span><\/li>\n<\/ul>\n<\/div>\n<\/div>\n","protected":false},"excerpt":{"rendered":"<h3 id=\"title\" class=\"a-size-large a-spacing-none\"><span id=\"productTitle\" class=\"a-size-large product-title-word-break\">Est\u00e9e Lauder Est\u00e9e Lauder Nutritious 2-in-1 Foaming Face Wash Cleanser &amp; Mask | Pore Minimizer<\/span><\/h3>\n<p>Brand : Est\u00e9e Lauder<br \/>\nItem Weight : 159 g<br \/>\nItem dimensions L x W x H : 2.13 x 1.73 x 7.2 inches<br \/>\nScent : Unshipped<br \/>\nAge Range (Description) : Adult<\/p>\n","protected":false},"featured_media":64775,"comment_status":"closed","ping_status":"closed","template":"","meta":{"_genesis_hide_title":false,"_genesis_hide_breadcrumbs":false,"_genesis_hide_singular_image":false,"_genesis_hide_footer_widgets":false,"_genesis_custom_body_class":"","_genesis_custom_post_class":"","_genesis_layout":""},"product_cat":[87],"product_tag":[],"yoast_head":"<!-- This site is optimized with the Yoast SEO plugin v22.8 - https:\/\/yoast.com\/wordpress\/plugins\/seo\/ -->\n<title>Est\u00e9e Lauder Est\u00e9e Lauder Nutritious 2-in-1 Foaming Face Wash Cleanser &amp; Mask | Pore Minimizer - WF Shopping<\/title>\n<meta name=\"description\" content=\"Est\u00e9e Lauder Est\u00e9e Lauder Nutritious 2-in-1 Foaming Face Wash Cleanser &amp; Mask | Pore Minimizer\" \/>\n<meta name=\"robots\" content=\"index, follow, max-snippet:-1, max-image-preview:large, max-video-preview:-1\" \/>\n<link rel=\"canonical\" href=\"https:\/\/www.womenfitness.net\/shop\/product\/estee-lauder-estee-lauder-nutritious-2-in-1-foaming-face-wash-cleanser-mask-pore-minimizer\/\" \/>\n<meta property=\"og:locale\" content=\"en_US\" \/>\n<meta property=\"og:type\" content=\"article\" \/>\n<meta property=\"og:title\" content=\"Est\u00e9e Lauder Est\u00e9e Lauder Nutritious 2-in-1 Foaming Face Wash Cleanser &amp; Mask | Pore Minimizer - WF Shopping\" \/>\n<meta property=\"og:description\" content=\"Est\u00e9e Lauder Est\u00e9e Lauder Nutritious 2-in-1 Foaming Face Wash Cleanser &amp; Mask | Pore Minimizer\" \/>\n<meta property=\"og:url\" content=\"https:\/\/www.womenfitness.net\/shop\/product\/estee-lauder-estee-lauder-nutritious-2-in-1-foaming-face-wash-cleanser-mask-pore-minimizer\/\" \/>\n<meta property=\"og:site_name\" content=\"WF Shopping\" \/>\n<meta property=\"og:image\" content=\"https:\/\/www.womenfitness.net\/shop\/wp-content\/uploads\/2026\/05\/Estee-Lauder-Estee-Lauder-Nutritious-2-in-1-Foaming-Face-Wash-Cleanser-Mask-Pore-Minimizer.jpg\" \/>\n\t<meta property=\"og:image:width\" content=\"1000\" \/>\n\t<meta property=\"og:image:height\" content=\"1000\" \/>\n\t<meta property=\"og:image:type\" content=\"image\/jpeg\" \/>\n<meta name=\"twitter:card\" content=\"summary_large_image\" \/>\n<meta name=\"twitter:label1\" content=\"Est. reading time\" \/>\n\t<meta name=\"twitter:data1\" content=\"1 minute\" \/>\n<script type=\"application\/ld+json\" class=\"yoast-schema-graph\">{\"@context\":\"https:\/\/schema.org\",\"@graph\":[{\"@type\":\"WebPage\",\"@id\":\"https:\/\/www.womenfitness.net\/shop\/product\/estee-lauder-estee-lauder-nutritious-2-in-1-foaming-face-wash-cleanser-mask-pore-minimizer\/\",\"url\":\"https:\/\/www.womenfitness.net\/shop\/product\/estee-lauder-estee-lauder-nutritious-2-in-1-foaming-face-wash-cleanser-mask-pore-minimizer\/\",\"name\":\"Est\u00e9e Lauder Est\u00e9e Lauder Nutritious 2-in-1 Foaming Face Wash Cleanser & Mask | Pore Minimizer - WF Shopping\",\"isPartOf\":{\"@id\":\"https:\/\/www.womenfitness.net\/shop\/#website\"},\"primaryImageOfPage\":{\"@id\":\"https:\/\/www.womenfitness.net\/shop\/product\/estee-lauder-estee-lauder-nutritious-2-in-1-foaming-face-wash-cleanser-mask-pore-minimizer\/#primaryimage\"},\"image\":{\"@id\":\"https:\/\/www.womenfitness.net\/shop\/product\/estee-lauder-estee-lauder-nutritious-2-in-1-foaming-face-wash-cleanser-mask-pore-minimizer\/#primaryimage\"},\"thumbnailUrl\":\"https:\/\/www.womenfitness.net\/shop\/wp-content\/uploads\/2026\/05\/Estee-Lauder-Estee-Lauder-Nutritious-2-in-1-Foaming-Face-Wash-Cleanser-Mask-Pore-Minimizer.jpg\",\"datePublished\":\"2026-05-14T09:35:51+00:00\",\"dateModified\":\"2026-05-14T09:35:51+00:00\",\"description\":\"Est\u00e9e Lauder Est\u00e9e Lauder Nutritious 2-in-1 Foaming Face Wash Cleanser & Mask | Pore Minimizer\",\"breadcrumb\":{\"@id\":\"https:\/\/www.womenfitness.net\/shop\/product\/estee-lauder-estee-lauder-nutritious-2-in-1-foaming-face-wash-cleanser-mask-pore-minimizer\/#breadcrumb\"},\"inLanguage\":\"en-US\",\"potentialAction\":[{\"@type\":\"ReadAction\",\"target\":[\"https:\/\/www.womenfitness.net\/shop\/product\/estee-lauder-estee-lauder-nutritious-2-in-1-foaming-face-wash-cleanser-mask-pore-minimizer\/\"]}]},{\"@type\":\"ImageObject\",\"inLanguage\":\"en-US\",\"@id\":\"https:\/\/www.womenfitness.net\/shop\/product\/estee-lauder-estee-lauder-nutritious-2-in-1-foaming-face-wash-cleanser-mask-pore-minimizer\/#primaryimage\",\"url\":\"https:\/\/www.womenfitness.net\/shop\/wp-content\/uploads\/2026\/05\/Estee-Lauder-Estee-Lauder-Nutritious-2-in-1-Foaming-Face-Wash-Cleanser-Mask-Pore-Minimizer.jpg\",\"contentUrl\":\"https:\/\/www.womenfitness.net\/shop\/wp-content\/uploads\/2026\/05\/Estee-Lauder-Estee-Lauder-Nutritious-2-in-1-Foaming-Face-Wash-Cleanser-Mask-Pore-Minimizer.jpg\",\"width\":1000,\"height\":1000,\"caption\":\"Est\u00e9e Lauder Est\u00e9e Lauder Nutritious 2-in-1 Foaming Face Wash Cleanser & Mask | Pore Minimizer\"},{\"@type\":\"BreadcrumbList\",\"@id\":\"https:\/\/www.womenfitness.net\/shop\/product\/estee-lauder-estee-lauder-nutritious-2-in-1-foaming-face-wash-cleanser-mask-pore-minimizer\/#breadcrumb\",\"itemListElement\":[{\"@type\":\"ListItem\",\"position\":1,\"name\":\"Home\",\"item\":\"https:\/\/www.womenfitness.net\/shop\/\"},{\"@type\":\"ListItem\",\"position\":2,\"name\":\"Shop\",\"item\":\"https:\/\/www.womenfitness.net\/shop\/\"},{\"@type\":\"ListItem\",\"position\":3,\"name\":\"Est\u00e9e Lauder Est\u00e9e Laud...\"}]},{\"@type\":\"WebSite\",\"@id\":\"https:\/\/www.womenfitness.net\/shop\/#website\",\"url\":\"https:\/\/www.womenfitness.net\/shop\/\",\"name\":\"WF Shopping\",\"description\":\"An exhaustive resource of Women Fitness and Health\",\"potentialAction\":[{\"@type\":\"SearchAction\",\"target\":{\"@type\":\"EntryPoint\",\"urlTemplate\":\"https:\/\/www.womenfitness.net\/shop\/?s={search_term_string}\"},\"query-input\":\"required name=search_term_string\"}],\"inLanguage\":\"en-US\"}]}<\/script>\n<!-- \/ Yoast SEO plugin. -->","yoast_head_json":{"title":"Est\u00e9e Lauder Est\u00e9e Lauder Nutritious 2-in-1 Foaming Face Wash Cleanser & Mask | Pore Minimizer - WF Shopping","description":"Est\u00e9e Lauder Est\u00e9e Lauder Nutritious 2-in-1 Foaming Face Wash Cleanser & Mask | Pore Minimizer","robots":{"index":"index","follow":"follow","max-snippet":"max-snippet:-1","max-image-preview":"max-image-preview:large","max-video-preview":"max-video-preview:-1"},"canonical":"https:\/\/www.womenfitness.net\/shop\/product\/estee-lauder-estee-lauder-nutritious-2-in-1-foaming-face-wash-cleanser-mask-pore-minimizer\/","og_locale":"en_US","og_type":"article","og_title":"Est\u00e9e Lauder Est\u00e9e Lauder Nutritious 2-in-1 Foaming Face Wash Cleanser & Mask | Pore Minimizer - WF Shopping","og_description":"Est\u00e9e Lauder Est\u00e9e Lauder Nutritious 2-in-1 Foaming Face Wash Cleanser & Mask | Pore Minimizer","og_url":"https:\/\/www.womenfitness.net\/shop\/product\/estee-lauder-estee-lauder-nutritious-2-in-1-foaming-face-wash-cleanser-mask-pore-minimizer\/","og_site_name":"WF Shopping","og_image":[{"width":1000,"height":1000,"url":"https:\/\/www.womenfitness.net\/shop\/wp-content\/uploads\/2026\/05\/Estee-Lauder-Estee-Lauder-Nutritious-2-in-1-Foaming-Face-Wash-Cleanser-Mask-Pore-Minimizer.jpg","type":"image\/jpeg"}],"twitter_card":"summary_large_image","twitter_misc":{"Est. reading time":"1 minute"},"schema":{"@context":"https:\/\/schema.org","@graph":[{"@type":"WebPage","@id":"https:\/\/www.womenfitness.net\/shop\/product\/estee-lauder-estee-lauder-nutritious-2-in-1-foaming-face-wash-cleanser-mask-pore-minimizer\/","url":"https:\/\/www.womenfitness.net\/shop\/product\/estee-lauder-estee-lauder-nutritious-2-in-1-foaming-face-wash-cleanser-mask-pore-minimizer\/","name":"Est\u00e9e Lauder Est\u00e9e Lauder Nutritious 2-in-1 Foaming Face Wash Cleanser & Mask | Pore Minimizer - WF Shopping","isPartOf":{"@id":"https:\/\/www.womenfitness.net\/shop\/#website"},"primaryImageOfPage":{"@id":"https:\/\/www.womenfitness.net\/shop\/product\/estee-lauder-estee-lauder-nutritious-2-in-1-foaming-face-wash-cleanser-mask-pore-minimizer\/#primaryimage"},"image":{"@id":"https:\/\/www.womenfitness.net\/shop\/product\/estee-lauder-estee-lauder-nutritious-2-in-1-foaming-face-wash-cleanser-mask-pore-minimizer\/#primaryimage"},"thumbnailUrl":"https:\/\/www.womenfitness.net\/shop\/wp-content\/uploads\/2026\/05\/Estee-Lauder-Estee-Lauder-Nutritious-2-in-1-Foaming-Face-Wash-Cleanser-Mask-Pore-Minimizer.jpg","datePublished":"2026-05-14T09:35:51+00:00","dateModified":"2026-05-14T09:35:51+00:00","description":"Est\u00e9e Lauder Est\u00e9e Lauder Nutritious 2-in-1 Foaming Face Wash Cleanser & Mask | Pore Minimizer","breadcrumb":{"@id":"https:\/\/www.womenfitness.net\/shop\/product\/estee-lauder-estee-lauder-nutritious-2-in-1-foaming-face-wash-cleanser-mask-pore-minimizer\/#breadcrumb"},"inLanguage":"en-US","potentialAction":[{"@type":"ReadAction","target":["https:\/\/www.womenfitness.net\/shop\/product\/estee-lauder-estee-lauder-nutritious-2-in-1-foaming-face-wash-cleanser-mask-pore-minimizer\/"]}]},{"@type":"ImageObject","inLanguage":"en-US","@id":"https:\/\/www.womenfitness.net\/shop\/product\/estee-lauder-estee-lauder-nutritious-2-in-1-foaming-face-wash-cleanser-mask-pore-minimizer\/#primaryimage","url":"https:\/\/www.womenfitness.net\/shop\/wp-content\/uploads\/2026\/05\/Estee-Lauder-Estee-Lauder-Nutritious-2-in-1-Foaming-Face-Wash-Cleanser-Mask-Pore-Minimizer.jpg","contentUrl":"https:\/\/www.womenfitness.net\/shop\/wp-content\/uploads\/2026\/05\/Estee-Lauder-Estee-Lauder-Nutritious-2-in-1-Foaming-Face-Wash-Cleanser-Mask-Pore-Minimizer.jpg","width":1000,"height":1000,"caption":"Est\u00e9e Lauder Est\u00e9e Lauder Nutritious 2-in-1 Foaming Face Wash Cleanser & Mask | Pore Minimizer"},{"@type":"BreadcrumbList","@id":"https:\/\/www.womenfitness.net\/shop\/product\/estee-lauder-estee-lauder-nutritious-2-in-1-foaming-face-wash-cleanser-mask-pore-minimizer\/#breadcrumb","itemListElement":[{"@type":"ListItem","position":1,"name":"Home","item":"https:\/\/www.womenfitness.net\/shop\/"},{"@type":"ListItem","position":2,"name":"Shop","item":"https:\/\/www.womenfitness.net\/shop\/"},{"@type":"ListItem","position":3,"name":"Est\u00e9e Lauder Est\u00e9e Laud..."}]},{"@type":"WebSite","@id":"https:\/\/www.womenfitness.net\/shop\/#website","url":"https:\/\/www.womenfitness.net\/shop\/","name":"WF Shopping","description":"An exhaustive resource of Women Fitness and Health","potentialAction":[{"@type":"SearchAction","target":{"@type":"EntryPoint","urlTemplate":"https:\/\/www.womenfitness.net\/shop\/?s={search_term_string}"},"query-input":"required name=search_term_string"}],"inLanguage":"en-US"}]}},"_links":{"self":[{"href":"https:\/\/www.womenfitness.net\/shop\/wp-json\/wp\/v2\/product\/64774"}],"collection":[{"href":"https:\/\/www.womenfitness.net\/shop\/wp-json\/wp\/v2\/product"}],"about":[{"href":"https:\/\/www.womenfitness.net\/shop\/wp-json\/wp\/v2\/types\/product"}],"replies":[{"embeddable":true,"href":"https:\/\/www.womenfitness.net\/shop\/wp-json\/wp\/v2\/comments?post=64774"}],"wp:featuredmedia":[{"embeddable":true,"href":"https:\/\/www.womenfitness.net\/shop\/wp-json\/wp\/v2\/media\/64775"}],"wp:attachment":[{"href":"https:\/\/www.womenfitness.net\/shop\/wp-json\/wp\/v2\/media?parent=64774"}],"wp:term":[{"taxonomy":"product_cat","embeddable":true,"href":"https:\/\/www.womenfitness.net\/shop\/wp-json\/wp\/v2\/product_cat?post=64774"},{"taxonomy":"product_tag","embeddable":true,"href":"https:\/\/www.womenfitness.net\/shop\/wp-json\/wp\/v2\/product_tag?post=64774"}],"curies":[{"name":"wp","href":"https:\/\/api.w.org\/{rel}","templated":true}]}}